{"id":6140,"date":"2017-04-17T11:42:47","date_gmt":"2017-04-17T11:42:47","guid":{"rendered":"https:\/\/www.ebrofoods.es\/sala-de-comunicacion\/"},"modified":"2022-07-08T11:09:15","modified_gmt":"2022-07-08T09:09:15","slug":"communication-room","status":"publish","type":"page","link":"https:\/\/www.ebrofoods.es\/en\/communication-room\/","title":{"rendered":"Communication room"},"content":{"rendered":"<div id=\"pl-6140\"  class=\"panel-layout\" ><div id=\"pg-6140-0\"  class=\"panel-grid panel-has-style\" ><div class=\"top-content-landing siteorigin-panels-stretch panel-row-style panel-row-style-for-6140-0\" data-stretch-type=\"full\" ><div id=\"pgc-6140-0-0\"  class=\"panel-grid-cell panel-grid-cell-empty\" ><\/div><div id=\"pgc-6140-0-1\"  class=\"panel-grid-cell panel-grid-cell-mobile-last\" >\n                    <h2 class=\"title-section\">Latest News<\/h2>\n                <div class=\"latest-news shadow\">\n            <div class=\"row\">\n                <div class=\"col-md-6 main\">\n                    <div class=\"row\">\n                        <div class=\"col-md-12 info\">\n                            <span class=\"date\">25.02.2026<\/span>\n                            <h3><a href=\"https:\/\/www.ebrofoods.es\/en\/news\/ebro-closes-2025-with-a-new-historical-ebitda-and-confirms-its-financial-strength\/\">Ebro closes 2025 with a new historical EBITDA and confirms its financial strength<\/a><\/h3>\n                                                    <\/div>\n                        <div class=\"col-md-12\">\n                            <div class=\"row\">\n                                <div class=\"col-xs-12 col-sm-6 col-md-6\">\n                                <a href=\"https:\/\/www.ebrofoods.es\/en\/news\/ebro-closes-2025-with-a-new-historical-ebitda-and-confirms-its-financial-strength\/\" title =\"Ebro closes 2025 with a new historical EBITDA and confirms its financial strength\">\n                                                                                   <!-- <span class=\"hidden-xs hidden-sm\"><img loading=\"lazy\" decoding=\"async\" width=\"360\" height=\"480\" src=\"https:\/\/www.ebrofoods.es\/wp-content\/uploads\/2026\/02\/Foto-resultados-360x480.jpg\" class=\"attachment-thumbnail-news-main size-thumbnail-news-main wp-post-image\" alt=\"Ebro closes 2025 with a new historical EBITDA and confirms its financial strength\" \/><\/span>\n                                                <span class=\"hidden-lg hidden-md\"><img loading=\"lazy\" decoding=\"async\" width=\"1920\" height=\"1280\" src=\"https:\/\/www.ebrofoods.es\/wp-content\/uploads\/2026\/02\/Foto-resultados-scaled.jpg\" class=\"attachment-full size-full wp-post-image\" alt=\"Ebro closes 2025 with a new historical EBITDA and confirms its financial strength\" srcset=\"https:\/\/www.ebrofoods.es\/wp-content\/uploads\/2026\/02\/Foto-resultados-scaled.jpg 1920w, https:\/\/www.ebrofoods.es\/wp-content\/uploads\/2026\/02\/Foto-resultados-300x200.jpg 300w, https:\/\/www.ebrofoods.es\/wp-content\/uploads\/2026\/02\/Foto-resultados-1024x683.jpg 1024w, https:\/\/www.ebrofoods.es\/wp-content\/uploads\/2026\/02\/Foto-resultados-768x512.jpg 768w, https:\/\/www.ebrofoods.es\/wp-content\/uploads\/2026\/02\/Foto-resultados-1536x1024.jpg 1536w, https:\/\/www.ebrofoods.es\/wp-content\/uploads\/2026\/02\/Foto-resultados-2048x1366.jpg 2048w, https:\/\/www.ebrofoods.es\/wp-content\/uploads\/2026\/02\/Foto-resultados-272x182.jpg 272w\" sizes=\"auto, (max-width: 1920px) 100vw, 1920px\" \/><\/span>-->\n                                                <span class=\"img-main\"><img loading=\"lazy\" decoding=\"async\" width=\"1920\" height=\"1280\" src=\"https:\/\/www.ebrofoods.es\/wp-content\/uploads\/2026\/02\/Foto-resultados-scaled.jpg\" class=\"attachment-full size-full wp-post-image\" alt=\"Ebro closes 2025 with a new historical EBITDA and confirms its financial strength\" srcset=\"https:\/\/www.ebrofoods.es\/wp-content\/uploads\/2026\/02\/Foto-resultados-scaled.jpg 1920w, https:\/\/www.ebrofoods.es\/wp-content\/uploads\/2026\/02\/Foto-resultados-300x200.jpg 300w, https:\/\/www.ebrofoods.es\/wp-content\/uploads\/2026\/02\/Foto-resultados-1024x683.jpg 1024w, https:\/\/www.ebrofoods.es\/wp-content\/uploads\/2026\/02\/Foto-resultados-768x512.jpg 768w, https:\/\/www.ebrofoods.es\/wp-content\/uploads\/2026\/02\/Foto-resultados-1536x1024.jpg 1536w, https:\/\/www.ebrofoods.es\/wp-content\/uploads\/2026\/02\/Foto-resultados-2048x1366.jpg 2048w, https:\/\/www.ebrofoods.es\/wp-content\/uploads\/2026\/02\/Foto-resultados-272x182.jpg 272w\" sizes=\"auto, (max-width: 1920px) 100vw, 1920px\" \/><\/span>\n                                                                                <!-- <span class=\"hidden-xs hidden-sm\"><\/span> -->\n                                    <!-- <span class=\"hidden-lg hidden-md\"><\/span> -->\n                                <\/a>\n                                <\/div>\n                                <div class=\"col-xs-12 col-sm-6 col-md-6 extract\">\n                                <p>In 2025 the Group reached a new historical adjusted EBITDA of \u20ac420.6 million, a very significant feat after absorbing an estimated impact of \u20ac12.9 million from the tariffs imposed...<\/p>                                <\/div>\n                            <\/div>\n                        <\/div>\n                        \n                    <\/div>\n                <\/div>\n                <div class=\"col-md-6 newslist\">\n                    <div class=\"row newslist-row\">\n                                            <div class=\"col-xs-12 col-md-12 item\">\n                            <div class=\"row\">\n                                <div class=\"img-container col-xs-2 col-sm-3 col-md-3\">\n                                    <a href=\"https:\/\/www.ebrofoods.es\/en\/news\/ebro-expects-to-post-a-record-full-year-ebitda\/\" title =\"Ebro expects to post a record full-year EBITDA\">\n                                        <img loading=\"lazy\" decoding=\"async\" width=\"102\" height=\"70\" src=\"https:\/\/www.ebrofoods.es\/wp-content\/uploads\/2025\/10\/shutterstock_2177947423-102x70.jpg\" class=\"img-responsive wp-post-image\" alt=\"Ebro expects to post a record full-year EBITDA\" \/>                                    <\/a>\n                                <\/div>\n                                <div class=\"col-xs-10 col-sm-9 col-md-9 item-new-text\">\n                                    <div class=\"date\">29.10.2025<\/div>\n                                    <a href=\"https:\/\/www.ebrofoods.es\/en\/news\/ebro-expects-to-post-a-record-full-year-ebitda\/\" title =\"Ebro expects to post a record full-year EBITDA\">Ebro expects to post a record full-year EBITDA<\/a>\n                                <\/div>\n                            <\/div>\n                        <\/div>\n                                            <div class=\"col-xs-12 col-md-12 item\">\n                            <div class=\"row\">\n                                <div class=\"img-container col-xs-2 col-sm-3 col-md-3\">\n                                    <a href=\"https:\/\/www.ebrofoods.es\/en\/news\/positive-half-year-results\/\" title =\"Positive half-year results\">\n                                        <img loading=\"lazy\" decoding=\"async\" width=\"102\" height=\"70\" src=\"https:\/\/www.ebrofoods.es\/wp-content\/uploads\/2025\/07\/Foto-resultados-1S-2025-2-102x70.jpg\" class=\"img-responsive wp-post-image\" alt=\"Positive half-year results\" \/>                                    <\/a>\n                                <\/div>\n                                <div class=\"col-xs-10 col-sm-9 col-md-9 item-new-text\">\n                                    <div class=\"date\">29.07.2025<\/div>\n                                    <a href=\"https:\/\/www.ebrofoods.es\/en\/news\/positive-half-year-results\/\" title =\"Positive half-year results\">Positive half-year results<\/a>\n                                <\/div>\n                            <\/div>\n                        <\/div>\n                                            <div class=\"col-xs-12 col-md-12 item\">\n                            <div class=\"row\">\n                                <div class=\"img-container col-xs-2 col-sm-3 col-md-3\">\n                                    <a href=\"https:\/\/www.ebrofoods.es\/en\/news\/proyecto-oryzonte-los-arroceros-sevillanos-logran-reducir-mas-de-2000-t-de-emisiones-gei-en-2024\/\" title =\"Project ORYZONTE: sevillian rice growers achieve a reduction of over 2,000 t CO\u2082e emissions in 2024\">\n                                        <img loading=\"lazy\" decoding=\"async\" width=\"102\" height=\"70\" src=\"https:\/\/www.ebrofoods.es\/wp-content\/uploads\/2025\/06\/Oryzonte-web-102x70.png\" class=\"img-responsive wp-post-image\" alt=\"Project ORYZONTE: sevillian rice growers achieve a reduction of over 2,000 t CO\u2082e emissions in 2024\" \/>                                    <\/a>\n                                <\/div>\n                                <div class=\"col-xs-10 col-sm-9 col-md-9 item-new-text\">\n                                    <div class=\"date\">16.06.2025<\/div>\n                                    <a href=\"https:\/\/www.ebrofoods.es\/en\/news\/proyecto-oryzonte-los-arroceros-sevillanos-logran-reducir-mas-de-2000-t-de-emisiones-gei-en-2024\/\" title =\"Project ORYZONTE: sevillian rice growers achieve a reduction of over 2,000 t CO\u2082e emissions in 2024\">Project ORYZONTE: sevillian rice growers achieve a reduction of over 2,000 t CO\u2082e emissions in 2024<\/a>\n                                <\/div>\n                            <\/div>\n                        <\/div>\n                                        <\/div>\n                <\/div>\n            <\/div>\n        <\/div>\n        <\/div><div id=\"pgc-6140-0-2\"  class=\"panel-grid-cell panel-grid-cell-empty\" ><\/div><\/div><\/div><div id=\"pg-6140-1\"  class=\"panel-grid panel-has-style\" ><div class=\"top-content-landing siteorigin-panels-stretch panel-row-style panel-row-style-for-6140-1\" id=\"otras-informaciones-listado\" data-stretch-type=\"full\" ><div id=\"pgc-6140-1-0\"  class=\"panel-grid-cell panel-grid-cell-empty\" ><\/div><div id=\"pgc-6140-1-1\"  class=\"panel-grid-cell panel-grid-cell-mobile-last\" ><div id=\"panel-6140-1-1-0\" class=\"so-panel widget widget_sow-editor panel-first-child\" data-index=\"1\" ><div class=\"panel-widget-style panel-widget-style-for-6140-1-1-0\" ><div\n\t\t\t\n\t\t\tclass=\"so-widget-sow-editor so-widget-sow-editor-base\"\n\t\t\t\n\t\t>\n<div class=\"siteorigin-widget-tinymce textwidget\">\n\t<h2 class=\"title-section\">Other information of interest<\/h2>\n<\/div>\n<\/div><\/div><\/div><div id=\"panel-6140-1-1-1\" class=\"so-panel widget widget_siteorigin-panels-postloop panel-last-child\" data-index=\"2\" ><article id=\"post-35372\" class=\"row post-35372 post type-post status-publish format-standard hentry category-other-relevant-information\">\n\t<div class=\"col-lg-10\">\n\t\t<span class=\"date\">25.03.2026<\/span>\n\t\t<p class=\"entry-title\">Annual Corporate Governance Report 2025<\/p>\n\t\t<div class=\"meta\">\n\t\t\t<span class=\"category\">\n\t\t\t\tOther relevant, regulated and corporate information communications \t\t\t<\/span>\n\t\t<\/div>\n\t<\/div>\n\t<div class=\"col-lg-2\">\n\t\t<ul>\n\t\t\t\t\t\t\t<li><a href=\"https:\/\/www.ebrofoods.es\/wp-content\/uploads\/2026\/03\/Annual-Corporate-Governance-Report-2025-and-report-EY-ICFR.pdf\" target=\"_blank\"><i class=\"fa fa-file\"><\/i> PDF<\/a><\/li>\t\n\t\t\t\t\t<\/ul>\n\t<\/div>\n<\/article>\n<article id=\"post-35370\" class=\"row post-35370 post type-post status-publish format-standard hentry category-other-relevant-information\">\n\t<div class=\"col-lg-10\">\n\t\t<span class=\"date\">25.03.2026<\/span>\n\t\t<p class=\"entry-title\">Annual Report on Directors\u2019 Remuneration 2025<\/p>\n\t\t<div class=\"meta\">\n\t\t\t<span class=\"category\">\n\t\t\t\tOther relevant, regulated and corporate information communications \t\t\t<\/span>\n\t\t<\/div>\n\t<\/div>\n\t<div class=\"col-lg-2\">\n\t\t<ul>\n\t\t\t\t\t\t\t<li><a href=\"https:\/\/www.ebrofoods.es\/wp-content\/uploads\/2026\/03\/Annual-Report-on-Remueration-of-the-Directors-2025.pdf\" target=\"_blank\"><i class=\"fa fa-file\"><\/i> PDF<\/a><\/li>\t\n\t\t\t\t\t<\/ul>\n\t<\/div>\n<\/article>\n<article id=\"post-35274\" class=\"row post-35274 post type-post status-publish format-standard hentry category-other-relevant-information tag-presentacion-analistas-en\">\n\t<div class=\"col-lg-10\">\n\t\t<span class=\"date\">25.02.2026<\/span>\n\t\t<p class=\"entry-title\">Presentation announced this morning, relating to the results of Ebro Foods Group for 2025<\/p>\n\t\t<div class=\"meta\">\n\t\t\t<span class=\"category\">\n\t\t\t\tOther relevant, regulated and corporate information communications \t\t\t<\/span>\n\t\t<\/div>\n\t<\/div>\n\t<div class=\"col-lg-2\">\n\t\t<ul>\n\t\t\t\t\t\t\t<li><a href=\"https:\/\/www.ebrofoods.es\/wp-content\/uploads\/2026\/02\/2026.02.25-Presentation-results-2025.pdf\" target=\"_blank\"><i class=\"fa fa-file\"><\/i> PDF<\/a><\/li>\t\n\t\t\t\t\t<\/ul>\n\t<\/div>\n<\/article>\n<article id=\"post-35266\" class=\"row post-35266 post type-post status-publish format-standard hentry category-otra-informacion-relevante-en category-other-relevant-information category-quarterly-results tag-informacion-financiera-anual\">\n\t<div class=\"col-lg-10\">\n\t\t<span class=\"date\">25.02.2026<\/span>\n\t\t<p class=\"entry-title\">Financial information 2H 2025<\/p>\n\t\t<div class=\"meta\">\n\t\t\t<span class=\"category\">\n\t\t\t\tComunicaci\u00f3n de otra informaci\u00f3n relevante Other relevant, regulated and corporate information communications Quarterly Results \t\t\t<\/span>\n\t\t<\/div>\n\t<\/div>\n\t<div class=\"col-lg-2\">\n\t\t<ul>\n\t\t\t\t\t\t\t<li><a href=\"https:\/\/www.ebrofoods.es\/wp-content\/uploads\/2026\/02\/IPP-2025.pdf\" target=\"_blank\"><i class=\"fa fa-file\"><\/i> PDF<\/a><\/li>\t\n\t\t\t\t\t\t\t<li><a href=\"https:\/\/www.ebrofoods.es\/wp-content\/uploads\/2026\/02\/Grupo-Ebro-Foods-Informe-Semestral-31-Dic-2025-Cuentas-semestrales.pdf\" target=\"_blank\"><i class=\"fa fa-file\"><\/i> PDF<\/a><\/li>\t\n\t\t\t\t\t\t\t<li><a href=\"https:\/\/www.ebrofoods.es\/wp-content\/uploads\/2026\/02\/CIERRE-2025_EN.pdf\" target=\"_blank\"><i class=\"fa fa-file\"><\/i> PDF<\/a><\/li>\t\n\t\t\t\t\t<\/ul>\n\t<\/div>\n<\/article>\n<\/div><\/div><div id=\"pgc-6140-1-2\"  class=\"panel-grid-cell panel-grid-cell-empty\" ><\/div><\/div><\/div><div id=\"pg-6140-2\"  class=\"panel-grid panel-has-style\" ><div class=\"siteorigin-panels-stretch panel-row-style panel-row-style-for-6140-2\" data-stretch-type=\"full\" ><div id=\"pgc-6140-2-0\"  class=\"panel-grid-cell panel-grid-cell-empty\" ><\/div><div id=\"pgc-6140-2-1\"  class=\"panel-grid-cell panel-grid-cell-mobile-last\" ><div id=\"panel-6140-2-1-0\" class=\"so-panel widget widget_sow-editor panel-first-child\" data-index=\"3\" ><div\n\t\t\t\n\t\t\tclass=\"so-widget-sow-editor so-widget-sow-editor-base\"\n\t\t\t\n\t\t>\n<div class=\"siteorigin-widget-tinymce textwidget\">\n\t<p><img loading=\"lazy\" decoding=\"async\" class=\"aligncenter size-medium wp-image-11536\" src=\"https:\/\/www.ebrofoods.es\/wp-content\/uploads\/2018\/09\/sentirsebiensenota-logo_03-300x134.png\" alt=\"Sentirse bien se nota (el blog de Ebro Foods)\" width=\"300\" height=\"134\" \/><\/p>\n<h2 class=\"title-section\" style=\"text-align: center; margin-bottom: 10px;\">Latest publications on our\u00a0<em>blog<\/em><\/h2>\n<\/div>\n<\/div><\/div><style type=\"text\/css\">\r\n\t\t\t.widget-2-1-1.rfw_more{\r\n\t\t\t\tdisplay:none;\r\n\t\t\t}\r\n\t\t\t\r\n\t\t\t<\/style><aside id=\"widget-2-1-10\" data-class=\"widget-2-1-1\" class=\"rfw-class  widget-2-1-1\"><nav class=\"add-nav widget_dock\" id=\"rfw-widget-0\"><ul class=\"rfw_dock rfw_list\" style=\"\"><li> <h3 class=\"rfw2\" title=\"Linguine con aceite de trufa, setas y pera\" data-href=\"https:\/\/www.sentirsebiensenota.com\/2026\/04\/20\/linguine-con-aceite-de-trufa-setas-y-pera\/\"><a href=\"https:\/\/www.sentirsebiensenota.com\/2026\/04\/20\/linguine-con-aceite-de-trufa-setas-y-pera\/\" target=\"_blank\">Linguine con aceite de trufa, setas y pera<\/a><\/h3> <h3 class=\"rfw2\" title=\"Linguine con aceite de trufa, setas y pera\" data-href=\"https:\/\/www.sentirsebiensenota.com\/2026\/04\/20\/linguine-con-aceite-de-trufa-setas-y-pera\/\"><a href=\"https:\/\/www.sentirsebiensenota.com\/2026\/04\/20\/linguine-con-aceite-de-trufa-setas-y-pera\/\" target=\"_blank\"><div class=\"image_only imgn\"><img decoding=\"async\" src=\"https:\/\/www.sentirsebiensenota.com\/wp-content\/uploads\/2026\/03\/Paso-a-paso-linguine-con-aceite-de-trufa-hongos-y-peras-servimos.jpg\" \/><\/div><\/a><\/h3> <div class=\"feed_img\"><\/div><div class=\"text_div\" data-type=\"default\">Hoy te traemos una receta que combina lo mejor del bosque y la cocina gourmet:...<\/div> <\/li><li> <h3 class=\"rfw2\" title=\"El s\u00edndrome del nido vac\u00edo: c\u00f3mo reinventarte cuando los hijos se van\" data-href=\"https:\/\/www.sentirsebiensenota.com\/2026\/04\/10\/el-sindrome-del-nido-vacio\/\"><a href=\"https:\/\/www.sentirsebiensenota.com\/2026\/04\/10\/el-sindrome-del-nido-vacio\/\" target=\"_blank\">El s\u00edndrome del nido vac\u00edo: c\u00f3mo reinventarte cuando los hijos se van<\/a><\/h3> <h3 class=\"rfw2\" title=\"El s\u00edndrome del nido vac\u00edo: c\u00f3mo reinventarte cuando los hijos se van\" data-href=\"https:\/\/www.sentirsebiensenota.com\/2026\/04\/10\/el-sindrome-del-nido-vacio\/\"><a href=\"https:\/\/www.sentirsebiensenota.com\/2026\/04\/10\/el-sindrome-del-nido-vacio\/\" target=\"_blank\"><div class=\"image_only imgn\"><img decoding=\"async\" src=\"https:\/\/www.sentirsebiensenota.com\/wp-content\/uploads\/2026\/03\/sindrome-nido-vacio.jpg\" \/><\/div><\/a><\/h3> <div class=\"feed_img\"><\/div><div class=\"text_div\" data-type=\"default\">La casa, durante a\u00f1os llena de mochilas, ruidos y conversaciones a deshora, queda repentinamente silenciosa....<\/div> <\/li><li> <h3 class=\"rfw2\" title=\"Primavera y agotamiento: qu\u00e9 le pasa a tu cuerpo y c\u00f3mo ayudarle con la alimentaci\u00f3n\" data-href=\"https:\/\/www.sentirsebiensenota.com\/2026\/04\/07\/primavera-y-agotamiento\/\"><a href=\"https:\/\/www.sentirsebiensenota.com\/2026\/04\/07\/primavera-y-agotamiento\/\" target=\"_blank\">Primavera y agotamiento: qu\u00e9 le pasa a tu cuerpo y c\u00f3mo ayudarle con la alimentaci\u00f3n<\/a><\/h3> <h3 class=\"rfw2\" title=\"Primavera y agotamiento: qu\u00e9 le pasa a tu cuerpo y c\u00f3mo ayudarle con la alimentaci\u00f3n\" data-href=\"https:\/\/www.sentirsebiensenota.com\/2026\/04\/07\/primavera-y-agotamiento\/\"><a href=\"https:\/\/www.sentirsebiensenota.com\/2026\/04\/07\/primavera-y-agotamiento\/\" target=\"_blank\"><div class=\"image_only imgn\"><img decoding=\"async\" src=\"https:\/\/www.sentirsebiensenota.com\/wp-content\/uploads\/2026\/04\/primavera-y-cansancio-info_02.jpg\" \/><\/div><\/a><\/h3> <div class=\"feed_img\"><\/div><div class=\"text_div\" data-type=\"default\">La primavera trae m\u00e1s horas de luz y temperaturas m\u00e1s suaves, condiciones que en principio...<\/div> <\/li><\/ul><\/nav><\/aside><\/div><div id=\"pgc-6140-2-2\"  class=\"panel-grid-cell panel-grid-cell-empty\" ><\/div><\/div><\/div><div id=\"pg-6140-3\"  class=\"panel-grid panel-has-style\" ><div class=\"siteorigin-panels-stretch panel-row-style panel-row-style-for-6140-3\" data-stretch-type=\"full\" ><div id=\"pgc-6140-3-0\"  class=\"panel-grid-cell panel-grid-cell-empty\" ><\/div><div id=\"pgc-6140-3-1\"  class=\"panel-grid-cell panel-grid-cell-mobile-last\" >\n                    <h2 class=\"title-section\">MORE INFORMATION IN THE PRESS ROOM<\/h2>\n                <div class=\"col-sm-12\">\n            <div class=\"nav-dispatcher row shadow\">\n                                <div class=\"col-sm-6 item item1\">\n                    <a href=\"\/en\/communication-room\/multimedia-gallery\/\" target=\"_self\">\n                                                    <img decoding=\"async\" class=\"justImageDispatchers\" src=\"https:\/\/www.ebrofoods.es\/wp-content\/uploads\/2017\/05\/ico-multimedia-2.png\" alt=\"icono Ebro Foods\">\n                                                    \n                        <span class=\"text\">Multimedia gallery<\/span>\n                    <\/a>\n                <\/div>\n                                                <div class=\"col-sm-6 item item2\">\n                    <a href=\"https:\/\/www.ebrofoods.es\/en\/information-for-shareholders-and-investors\/economic-and-financial-information\/economic-and-financial-information\/\" target=\"_self\">\n                                                     <img decoding=\"async\" class=\"justImageDispatchers\" src=\"https:\/\/www.ebrofoods.es\/wp-content\/uploads\/2017\/05\/ico-modelo-negocio-2.png\" alt=\"icono Ebro Foods\">\n                                 \n                        <span class=\"text\">Economic and Financial Information<\/span>\n                    <\/a>\n                <\/div>\n                                                <div class=\"col-sm-6 item item3\">\n                    <a href=\"http:\/\/www.sentirsebiensenota.com\/\" target=\"_self\">\n                                                     <img decoding=\"async\" class=\"justImageDispatchers\" src=\"https:\/\/www.ebrofoods.es\/wp-content\/uploads\/2018\/09\/Blog.png\" alt=\"icono Ebro Foods\">\n                                 \n                        <span class=\"text\">Blog<\/span>\n                    <\/a>\n                <\/div>\n                                                                                                            <\/div>\n        <\/div>\n        <\/div><div id=\"pgc-6140-3-2\"  class=\"panel-grid-cell panel-grid-cell-empty\" ><\/div><\/div><\/div><\/div>","protected":false},"excerpt":{"rendered":"<p>Other information of interest<\/p>\n","protected":false},"author":1,"featured_media":0,"parent":0,"menu_order":244,"comment_status":"closed","ping_status":"closed","template":"","meta":{"footnotes":"","_links_to":"","_links_to_target":""},"class_list":["post-6140","page","type-page","status-publish","hentry"],"_links":{"self":[{"href":"https:\/\/www.ebrofoods.es\/en\/wp-json\/wp\/v2\/pages\/6140","targetHints":{"allow":["GET"]}}],"collection":[{"href":"https:\/\/www.ebrofoods.es\/en\/wp-json\/wp\/v2\/pages"}],"about":[{"href":"https:\/\/www.ebrofoods.es\/en\/wp-json\/wp\/v2\/types\/page"}],"author":[{"embeddable":true,"href":"https:\/\/www.ebrofoods.es\/en\/wp-json\/wp\/v2\/users\/1"}],"replies":[{"embeddable":true,"href":"https:\/\/www.ebrofoods.es\/en\/wp-json\/wp\/v2\/comments?post=6140"}],"version-history":[{"count":4,"href":"https:\/\/www.ebrofoods.es\/en\/wp-json\/wp\/v2\/pages\/6140\/revisions"}],"predecessor-version":[{"id":28871,"href":"https:\/\/www.ebrofoods.es\/en\/wp-json\/wp\/v2\/pages\/6140\/revisions\/28871"}],"wp:attachment":[{"href":"https:\/\/www.ebrofoods.es\/en\/wp-json\/wp\/v2\/media?parent=6140"}],"curies":[{"name":"wp","href":"https:\/\/api.w.org\/{rel}","templated":true}]}}