{"id":4109,"date":"2017-07-21T07:00:28","date_gmt":"2017-07-21T07:00:28","guid":{"rendered":"https:\/\/www.ebrofoods.es\/?page_id=4109\/"},"modified":"2022-03-20T23:02:48","modified_gmt":"2022-03-20T22:02:48","slug":"information-for-shareholders-and-investors","status":"publish","type":"page","link":"https:\/\/www.ebrofoods.es\/en\/information-for-shareholders-and-investors\/","title":{"rendered":"Information for Shareholders and Investors"},"content":{"rendered":"<div id=\"pl-4109\"  class=\"panel-layout\" ><div id=\"pg-4109-0\"  class=\"panel-grid panel-has-style\" ><div class=\"siteorigin-panels-stretch panel-row-style panel-row-style-for-4109-0\" data-stretch-type=\"full\" ><div id=\"pgc-4109-0-0\"  class=\"panel-grid-cell panel-grid-cell-empty\" ><\/div><div id=\"pgc-4109-0-1\"  class=\"panel-grid-cell panel-grid-cell-mobile-last\" >                <ul class=\"list-unstyled row is-flex viewgrid row-eq-height\">\n                    <li class=\"col-xs-12 col-sm-4 col-md-4\">\n                <span class=\"item-block shadow\">\n                    <a href=\"https:\/\/www.ebrofoods.es\/en\/information-for-shareholders-and-investors\/general-information-on-the-company\/\" title =\"General Information on the Company\">\n                        <span class=\"img-container\">\n                            <img loading=\"lazy\" decoding=\"async\" width=\"740\" height=\"470\" src=\"https:\/\/www.ebrofoods.es\/wp-content\/uploads\/2022\/02\/mini-accionistas-general-740x470.jpg\" class=\"img-responsive wp-post-image\" alt=\"libreta y bol\u00edgrafo\" srcset=\"https:\/\/www.ebrofoods.es\/wp-content\/uploads\/2022\/02\/mini-accionistas-general.jpg 740w, https:\/\/www.ebrofoods.es\/wp-content\/uploads\/2022\/02\/mini-accionistas-general-300x191.jpg 300w\" sizes=\"auto, (max-width: 740px) 100vw, 740px\" \/>                        <\/span>\n                        <span class=\"title\">\n                            General Information on the Company                        <\/span>\n                                                <span class=\"extract\">General information about the Company<\/span>\n                                            <\/a>\n                <\/span>\n            <\/li>\n                    <li class=\"col-xs-12 col-sm-4 col-md-4\">\n                <span class=\"item-block shadow\">\n                    <a href=\"https:\/\/www.ebrofoods.es\/en\/information-for-shareholders-and-investors\/economic-and-financial-information\/\" title =\"Economic and Financial Information\">\n                        <span class=\"img-container\">\n                            <img loading=\"lazy\" decoding=\"async\" width=\"740\" height=\"470\" src=\"https:\/\/www.ebrofoods.es\/wp-content\/uploads\/2022\/02\/mini-accionistas-economico-740x470.jpg\" class=\"img-responsive wp-post-image\" alt=\"gr\u00e1ficos\" srcset=\"https:\/\/www.ebrofoods.es\/wp-content\/uploads\/2022\/02\/mini-accionistas-economico.jpg 740w, https:\/\/www.ebrofoods.es\/wp-content\/uploads\/2022\/02\/mini-accionistas-economico-300x191.jpg 300w\" sizes=\"auto, (max-width: 740px) 100vw, 740px\" \/>                        <\/span>\n                        <span class=\"title\">\n                            Economic and Financial Information                        <\/span>\n                                                <span class=\"extract\">Economic and financial information<\/span>\n                                            <\/a>\n                <\/span>\n            <\/li>\n                    <li class=\"col-xs-12 col-sm-4 col-md-4\">\n                <span class=\"item-block shadow\">\n                    <a href=\"https:\/\/www.ebrofoods.es\/en\/information-for-shareholders-and-investors\/corporate-governance\/\" title =\"Corporate Governance\">\n                        <span class=\"img-container\">\n                            <img loading=\"lazy\" decoding=\"async\" width=\"740\" height=\"470\" src=\"https:\/\/www.ebrofoods.es\/wp-content\/uploads\/2022\/02\/mini-accionistas-gobierno-740x470.jpg\" class=\"img-responsive wp-post-image\" alt=\"saludo\" srcset=\"https:\/\/www.ebrofoods.es\/wp-content\/uploads\/2022\/02\/mini-accionistas-gobierno.jpg 740w, https:\/\/www.ebrofoods.es\/wp-content\/uploads\/2022\/02\/mini-accionistas-gobierno-300x191.jpg 300w\" sizes=\"auto, (max-width: 740px) 100vw, 740px\" \/>                        <\/span>\n                        <span class=\"title\">\n                            Corporate Governance                        <\/span>\n                                                <span class=\"extract\">Information about our best practices in Corporate Governance<\/span>\n                                            <\/a>\n                <\/span>\n            <\/li>\n                <\/ul>\n        <\/div><div id=\"pgc-4109-0-2\"  class=\"panel-grid-cell panel-grid-cell-empty\" ><\/div><\/div><\/div><div id=\"pg-4109-1\"  class=\"panel-grid panel-has-style\" ><div class=\"siteorigin-panels-stretch panel-row-style panel-row-style-for-4109-1\" data-stretch-type=\"full\" ><div id=\"pgc-4109-1-0\"  class=\"panel-grid-cell panel-grid-cell-empty\" ><\/div><div id=\"pgc-4109-1-1\"  class=\"panel-grid-cell panel-grid-cell-mobile-last\" >                <ul class=\"list-unstyled row is-flex viewgrid row-eq-height\">\n                    <li class=\"col-xs-12 col-sm-4 col-md-4\">\n                <span class=\"item-block shadow\">\n                    <a href=\"https:\/\/www.ebrofoods.es\/en\/information-for-shareholders-and-investors\/economic-and-financial-information\/quarterly-results\/\" title =\"Quarterly Results\">\n                        <span class=\"img-container\">\n                            <img loading=\"lazy\" decoding=\"async\" width=\"740\" height=\"470\" src=\"https:\/\/www.ebrofoods.es\/wp-content\/uploads\/2021\/02\/informacion-publica-periodica-featured-740x470.jpg\" class=\"img-responsive wp-post-image\" alt=\"Informaci\u00f3n p\u00fablica peri\u00f3dica\" \/>                        <\/span>\n                        <span class=\"title\">\n                            Quarterly Results                        <\/span>\n                                                <span class=\"extract\">Financial results<\/span>\n                                            <\/a>\n                <\/span>\n            <\/li>\n                    <li class=\"col-xs-12 col-sm-4 col-md-4\">\n                <span class=\"item-block shadow\">\n                    <a href=\"https:\/\/www.ebrofoods.es\/en\/information-for-shareholders-and-investors\/shareholders-club\/\" title =\"Shareholders Club\">\n                        <span class=\"img-container\">\n                            <img loading=\"lazy\" decoding=\"async\" width=\"740\" height=\"470\" src=\"https:\/\/www.ebrofoods.es\/wp-content\/uploads\/2022\/02\/mini-club-accionista-1-740x470.jpg\" class=\"img-responsive wp-post-image\" alt=\"trabajando con ordenadores\" srcset=\"https:\/\/www.ebrofoods.es\/wp-content\/uploads\/2022\/02\/mini-club-accionista-1.jpg 740w, https:\/\/www.ebrofoods.es\/wp-content\/uploads\/2022\/02\/mini-club-accionista-1-300x191.jpg 300w\" sizes=\"auto, (max-width: 740px) 100vw, 740px\" \/>                        <\/span>\n                        <span class=\"title\">\n                            Shareholders Club                        <\/span>\n                                                <span class=\"extract\">Important information for shareholders and investors<\/span>\n                                            <\/a>\n                <\/span>\n            <\/li>\n                    <li class=\"col-xs-12 col-sm-4 col-md-4\">\n                <span class=\"item-block shadow\">\n                    <a href=\"https:\/\/www.ebrofoods.es\/en\/information-for-shareholders-and-investors\/economic-and-financial-information\/presentations-to-analysts\/\" title =\"Presentations to Analysts\">\n                        <span class=\"img-container\">\n                            <img loading=\"lazy\" decoding=\"async\" width=\"740\" height=\"470\" src=\"https:\/\/www.ebrofoods.es\/wp-content\/uploads\/2022\/02\/mini-accionistas-presentaciones-740x470.jpg\" class=\"img-responsive wp-post-image\" alt=\"presentaci\u00f3n tablet\" srcset=\"https:\/\/www.ebrofoods.es\/wp-content\/uploads\/2022\/02\/mini-accionistas-presentaciones.jpg 740w, https:\/\/www.ebrofoods.es\/wp-content\/uploads\/2022\/02\/mini-accionistas-presentaciones-300x191.jpg 300w\" sizes=\"auto, (max-width: 740px) 100vw, 740px\" \/>                        <\/span>\n                        <span class=\"title\">\n                            Presentations to Analysts                        <\/span>\n                                                <span class=\"extract\">Presentations about the evolution of the businesses.<\/span>\n                                            <\/a>\n                <\/span>\n            <\/li>\n                <\/ul>\n        <\/div><div id=\"pgc-4109-1-2\"  class=\"panel-grid-cell panel-grid-cell-empty\" ><\/div><\/div><\/div><\/div>","protected":false},"excerpt":{"rendered":"<p>General Information on the Company General information about the Company Economic and Financial Information Economic and financial information Corporate Governance Information about our best practices in Corporate Governance Quarterly Results Financial results Shareholders Club Important information for shareholders and investors Presentations to Analysts Presentations about the evolution of the businesses.<\/p>\n","protected":false},"author":1,"featured_media":0,"parent":0,"menu_order":237,"comment_status":"closed","ping_status":"closed","template":"","meta":{"footnotes":"","_links_to":"","_links_to_target":""},"class_list":["post-4109","page","type-page","status-publish","hentry"],"_links":{"self":[{"href":"https:\/\/www.ebrofoods.es\/en\/wp-json\/wp\/v2\/pages\/4109","targetHints":{"allow":["GET"]}}],"collection":[{"href":"https:\/\/www.ebrofoods.es\/en\/wp-json\/wp\/v2\/pages"}],"about":[{"href":"https:\/\/www.ebrofoods.es\/en\/wp-json\/wp\/v2\/types\/page"}],"author":[{"embeddable":true,"href":"https:\/\/www.ebrofoods.es\/en\/wp-json\/wp\/v2\/users\/1"}],"replies":[{"embeddable":true,"href":"https:\/\/www.ebrofoods.es\/en\/wp-json\/wp\/v2\/comments?post=4109"}],"version-history":[{"count":3,"href":"https:\/\/www.ebrofoods.es\/en\/wp-json\/wp\/v2\/pages\/4109\/revisions"}],"predecessor-version":[{"id":27852,"href":"https:\/\/www.ebrofoods.es\/en\/wp-json\/wp\/v2\/pages\/4109\/revisions\/27852"}],"wp:attachment":[{"href":"https:\/\/www.ebrofoods.es\/en\/wp-json\/wp\/v2\/media?parent=4109"}],"curies":[{"name":"wp","href":"https:\/\/api.w.org\/{rel}","templated":true}]}}