{"id":30869,"date":"2023-04-26T16:15:03","date_gmt":"2023-04-26T14:15:03","guid":{"rendered":"https:\/\/www.ebrofoods.es\/information-for-shareholders-and-investors\/corporate-governance\/junta-general-ordinaria-de-accionistas-junio-2023\/"},"modified":"2023-06-29T10:01:16","modified_gmt":"2023-06-29T08:01:16","slug":"annual-general-shareholders-meeting-june-2023","status":"publish","type":"page","link":"https:\/\/www.ebrofoods.es\/en\/information-for-shareholders-and-investors\/corporate-governance\/annual-general-shareholders-meeting-june-2023\/","title":{"rendered":"Annual General Shareholders Meeting June  2023"},"content":{"rendered":"<div id=\"pl-gb30869-69e1a515aee45\"  class=\"panel-layout\" ><div id=\"pg-gb30869-69e1a515aee45-0\"  class=\"panel-grid panel-no-style\" ><div id=\"pgc-gb30869-69e1a515aee45-0-0\"  class=\"panel-grid-cell\" ><div id=\"panel-gb30869-69e1a515aee45-0-0-0\" class=\"so-panel widget widget_sow-editor panel-first-child\" data-index=\"0\" ><div\n\t\t\t\n\t\t\tclass=\"so-widget-sow-editor so-widget-sow-editor-base\"\n\t\t\t\n\t\t>\n<div class=\"siteorigin-widget-tinymce textwidget\">\n\t<div class=\"cuadro-aviso mt-30\">TOTAL NUMBER OF SHARES AND VOTING RIGHTS<br \/>\nOn the date of the notice of call of the Annual General Meeting, the capital of Ebro Foods, S.A. is divided into 153,865,392 shares, all in the same series and class.<br \/>\nEach share gives the right to one vote, for a total of 153,865,392 voting rights.<\/div>\n<div class=\"cuadro-aviso mt-30\">HOLDING ON FIRST CALL<br \/>\nThe General Meeting will foreseeably be held on FIRST CALL, at 12.30 on 6 June 2023.<\/div>\n<div class=\"cuadro-aviso mt-30\">MEETING VENUE<br \/>\nCalle Rafael Calvo, 39 &#8211; AUDITORIO RAFAEL DEL PINO (Madrid)<\/div>\n<div class=\"cuadro-aviso mt-30\">POSSIBILITY OF ONLINE ATTENDANCE<br \/>\nThe Online Attendance of the Annual General Meeting is enabled.<br \/>\nThe Company recommends all shareholders who wish to attend the General Meeting to do so online, through the \u201cOnline Attendance\u201d platform, on the terms set out in the notice of call and this web.<\/div>\n<div class=\"cuadro-aviso mt-30\">VOTING AND PROXY BY MEANS OF REMOTE COMMUNICATION<br \/>\nWithout prejudice to the onsite or online attendance of the Annual General Meeting, the Company recommends all shareholders who plan to exercise their voting and proxy rights by remote communication prior to the General Meeting to do so through the electronic platforms enabled or by post or equivalent courier service.<\/div>\n<div class=\"cuadro-aviso mt-30\">REQUEST AN APPOINTMENT<br \/>\nShareholders are kindly requested to make an appointment before visiting the Company&#8217;s offices, through the Shareholders\u2019 Office on telephone number +34 917245267, from 09:00 to 14:00 horas from Monday to Friday (excluding holidays), or at <a style=\"color: #ffffff; text-decoration: underline;\" href=\"mailto:oficinadelaccionista@ebrofoods.es\">oficinadelaccionista@ebrofoods.es<\/a>.<br \/>\nThe Company might not be able to attend any shareholders turning up without an appointment.<\/div>\n<div class=\"cuadro-aviso mt-30\">NO PHYSICAL DELIVERY OF GIFTS FOR PARTICIPATION<br \/>\nThere will be no in-person delivery of gifts at the Meeting venue or at the Company&#8217;s offices.<br \/>\nGifts will be sent free of charge to all shareholders who participate in the General Meeting when so request and give the company the necessary contact details.<br \/>\nThe company will not accept any gift requests received after the General Meeting.<br \/>\nThe gifts requested will probably receive in September 2023.\n<\/div>\n<div class=\"cuadro-aviso mt-30\">LIVE STREAMING ON WEBSITE<br \/>\nThe General Meeting will be streamed live on the company&#8217;s website.<\/div>\n<div class=\"cuadro-aviso mt-30\">GENERAL INFORMATION<br \/>\nThe company recommends the participation in the General Meeting by proxy, remote voting or online attendance.<\/div>\n<\/div>\n<\/div><\/div><div id=\"panel-gb30869-69e1a515aee45-0-0-1\" class=\"so-panel widget widget_sow-editor\" data-index=\"1\" ><div\n\t\t\t\n\t\t\tclass=\"so-widget-sow-editor so-widget-sow-editor-base\"\n\t\t\t\n\t\t>\n<div class=\"siteorigin-widget-tinymce textwidget\">\n\t<h3 class=\"mt-30\">DOCUMENTS OF THE GENERAL MEETING<\/h3>\n<ul class=\"link\">\n<li><a href=\"https:\/\/www.ebrofoods.es\/wp-content\/uploads\/2023\/04\/0.-Notice-call-and-agenda-2023.pdf\" target=\"_blank\" rel=\"noopener noreferrer\">Notice of call and agenda<\/a>.<\/li>\n<li><a href=\"https:\/\/www.ebrofoods.es\/wp-content\/uploads\/2023\/04\/0.-Proposed-resolutions-2023.pdf\" target=\"_blank\" rel=\"noopener noreferrer\">Proposed resolutions approved by the Board of Directors<\/a>.<\/li>\n<li><a href=\"https:\/\/www.ebrofoods.es\/wp-content\/uploads\/2023\/06\/3.-CCAA-EF-Individuales-2022-ENG-sin-Informe-de-Gesti\u00f3n.pdf\">Separate Annual Accounts 2022 of Ebro Foods, S.A., to be submitted for approval 1.1 on the agenda.<\/a><\/li>\n<li><a href=\"https:\/\/www.ebrofoods.es\/wp-content\/uploads\/2023\/06\/4.-Auditors\u2019-Report-on-the-2022-Accounts-1.pdf\">Auditors\u2019 Report on Separate Accounts 2022 of Ebro Foods, S.A.<\/a><\/li>\n<li><a href=\"https:\/\/www.ebrofoods.es\/wp-content\/uploads\/2023\/06\/5.-CCAA-EF-Consolidadas-2022-sin-Informe-Gesti\u00f3n-ENG.pdf\">Consolidated Annual Accounts 2022 of Ebro Foods, S.A., to be submitted for approval 1.1 on the agenda.\u00a0<\/a><\/li>\n<li><a href=\"https:\/\/www.ebrofoods.es\/wp-content\/uploads\/2023\/06\/6.-Auditors\u2019-Report-on-the-2022-Consolidated-Accounts-1.pdf\">Auditor\u2019s Report on Consolidated Accounts 2022 of Ebro Foods, S.A.<\/a><\/li>\n<li><a href=\"https:\/\/www.ebrofoods.es\/wp-content\/uploads\/2023\/06\/7.-Separate-Management-Report-2022.pdf\">Separate Management Report 2022 of Ebro Foods, S.A., to be submitted for approval 1.2 on the agenda.<\/a><\/li>\n<li><a href=\"https:\/\/www.ebrofoods.es\/wp-content\/uploads\/2023\/06\/8.-Consolidated-Management-Report-2022.pdf\">Consolidated Management Report 2022 of Ebro Foods, S.A., to be submitted for approval 1.2 on the agenda.<\/a><\/li>\n<li><a href=\"https:\/\/www.ebrofoods.es\/wp-content\/uploads\/2023\/06\/EINF-2022-EN.pdf\">Statement of Non-Financial Information 2022 and corresponding audit report, to be submitted for approval under item 1.3 on the agenda.<\/a><\/li>\n<li><a href=\"https:\/\/www.ebrofoods.es\/wp-content\/uploads\/2023\/04\/Annual-Corporate-Governance-Report-2022-and-ICFR-System-report.pdf\" target=\"_blank\" rel=\"noopener noreferrer\">Annual Corporate Governance Report 2022, with the ICRF report issued by the external auditors<\/a>.<\/li>\n<li><a href=\"https:\/\/www.ebrofoods.es\/wp-content\/uploads\/2023\/06\/Disclaimer-by-Directors-2022.pdf\">Disclaimer by the Directors of Ebro Foods, S.A. regarding the contents of the Annual Financial Report 2022.<\/a><\/li>\n<li><a href=\"https:\/\/www.ebrofoods.es\/wp-content\/uploads\/2023\/04\/18.-Report-independence-of-auditors-year-2022.pdf\" target=\"_blank\" rel=\"noopener noreferrer\">Report by the Audit, Control and Sustainability Committee on the independence of the external auditors in respect of the audit report 2022<\/a>.<\/li>\n<li><a href=\"https:\/\/www.ebrofoods.es\/wp-content\/uploads\/2023\/04\/5.1.-Report-and-proposal-for-ratification-Marc-Thomas-Murtra-Millar.pdf\" target=\"_blank\" rel=\"noopener noreferrer\">Report by the Board of Directors (appending the proposal and the previous report by the Nomination and Remuneration Committee), pursuant to section 529 decies of the Corporate Enterprises Act, for for re-election of the Director Marc Thomas Murtra Millar contemplated in item 5 on the agenda<\/a>.<\/li>\n<li><a href=\"https:\/\/www.ebrofoods.es\/wp-content\/uploads\/2023\/04\/5.2-Information-518.e-LSC-Marc-Thomas-Murtra-Millar.pdf\" target=\"_blank\" rel=\"noopener noreferrer\">Information on the identity, curriculum and category of Marc Thomas Murtra Millar, in pursuance of the Corporate Enterprises Act section 518(e)<\/a>.<\/li>\n<li><a href=\"https:\/\/www.ebrofoods.es\/wp-content\/uploads\/2023\/04\/6.1.-Report-and-annex-on-ammendment-Articles-of-Association.pdf\" target=\"_blank\" rel=\"noopener noreferrer\">Report by the Board of Directors supporting the proposed alteration of the Article 28 of the Articles of Association, to be approved under item 6 on the agenda. This Report includes the full text of the proposed alteration<\/a>.<\/li>\n<li><a href=\"https:\/\/www.ebrofoods.es\/wp-content\/uploads\/2023\/04\/6.2-Consolidated-text-Articles-of-Association.pdf\" target=\"_blank\" rel=\"noopener noreferrer\">Consolidated text of the Articles of Association<\/a>.<\/li>\n<li><a href=\"https:\/\/www.ebrofoods.es\/wp-content\/uploads\/2023\/04\/7.1-Proposal-by-Board-and-annexes-on-ammendment-Directors-Remuneration-Policy-2022-2024.pdf\" target=\"_blank\" rel=\"noopener noreferrer\">Proposal by the Board of Directors and Specific Report by the Nomination and Remuneration Committee, pursuant to the Corporate Enterprises Act section 529 novodecies, on the amendment to the Directors\u2019 Remuneration Policy 2022-2023 contemplated in item 7 on the agenda<\/a>.<\/li>\n<li><a href=\"https:\/\/www.ebrofoods.es\/wp-content\/uploads\/2023\/04\/7.2-Consolidated-text-of-Policy-2022-2024.pdf\" target=\"_blank\" rel=\"noopener noreferrer\">Consolidated text of the Directors\u2019 Remuneration Policy 2022-2024<\/a>.<\/li>\n<li><a href=\"https:\/\/www.ebrofoods.es\/wp-content\/uploads\/2023\/04\/8.-Anual-report-remuneration-of-Directors-2022.pdf\" target=\"_blank\" rel=\"noopener noreferrer\">Annual Report on Directors\u2019 Remuneration 2022, to be put to an advisory vote under item 8 on the agenda<\/a>.<\/li>\n<li><a href=\"https:\/\/www.ebrofoods.es\/wp-content\/uploads\/2023\/04\/12.-Report-by-Board-and-annex-modification-Regulations-of-the-Board.pdf\" target=\"_blank\" rel=\"noopener noreferrer\">Report by the Board of Directors on the alteration of the Regulations of the Board, on which the General Meeting of Shareholders is informed under item 12 on the agenda, including the full text of the Regulations with the marked alterations<\/a>.<\/li>\n<li><a href=\"https:\/\/www.ebrofoods.es\/wp-content\/uploads\/2023\/04\/19.-Annual-activity-report-Audit-Control-Sustainability-Committee-year-2022.pdf\" target=\"_blank\" rel=\"noopener noreferrer\">Activity report of the Audit, Control and Sustainability Committee for the year ended 31 December 2022<\/a>.<\/li>\n<li><a href=\"https:\/\/www.ebrofoods.es\/wp-content\/uploads\/2023\/04\/20.-Annual-activity-report-Nomination-and-Remuneration-Committee-year-2022.pdf\" target=\"_blank\" rel=\"noopener noreferrer\">Activity report of the Nomination and Remuneration Committee for the year ended 31 December 2022<\/a>.<\/li>\n<li><a href=\"https:\/\/www.ebrofoods.es\/wp-content\/uploads\/2023\/04\/17.-Information-on-personal-data-processing-2023.pdf\" target=\"_blank\" rel=\"noopener noreferrer\">Information on personal data processing<\/a>.<\/li>\n<\/ul>\n<h3 class=\"mt-30\">ONSITE AND ONLINE ATTENDANCE, PROXY AND REMOTE VOTING CARDS BY EBRO FOODS<\/h3>\n<p>The onsite attendance, online attendance, proxy and remote voting cards have been issued by the Company and will only be valid if, apart from being correctly completed, it is accompanied by the attendance card issued by the institution at which the shareholder has deposited their shares, duly signed (or any other document proving their shareholder status) and, where appropriate, the other documents indicated in the notice of call and the rules for onsite and online attendance, proxy and remote voting and which can be consulted on the Company\u2019s website.<\/p>\n<p><strong>Onsite Attendance card<\/strong><\/p>\n<ul class=\"link\">\n<li><a href=\"https:\/\/www.ebrofoods.es\/wp-content\/uploads\/2023\/04\/14.1-Onsite-attendance-card-2023.docx\" target=\"_blank\" rel=\"noopener noreferrer\">DOCX version<\/a><\/li>\n<li><a href=\"https:\/\/www.ebrofoods.es\/wp-content\/uploads\/2023\/04\/14.1-Onsite-attendance-card-2023.doc\" target=\"_blank\" rel=\"noopener noreferrer\">DOC version<\/a><\/li>\n<li><a href=\"https:\/\/www.ebrofoods.es\/wp-content\/uploads\/2023\/04\/14.1-Onsite-attendance-card-2023.pdf\" target=\"_blank\" rel=\"noopener noreferrer\">PDF version<\/a><\/li>\n<\/ul>\n<p><strong>Online Attendance card<\/strong><\/p>\n<ul class=\"link\">\n<li><a href=\"https:\/\/www.ebrofoods.es\/wp-content\/uploads\/2023\/04\/14.2-Online-attendance-card-2023.docx\" target=\"_blank\" rel=\"noopener noreferrer\">DOCX version<\/a><\/li>\n<li><a href=\"https:\/\/www.ebrofoods.es\/wp-content\/uploads\/2023\/04\/14.2-Online-attendance-card-2023.doc\" target=\"_blank\" rel=\"noopener noreferrer\">DOC version<\/a><\/li>\n<li><a href=\"https:\/\/www.ebrofoods.es\/wp-content\/uploads\/2023\/04\/14.2-Online-attendance-card-2023.pdf\" target=\"_blank\" rel=\"noopener noreferrer\">PDF version<\/a><\/li>\n<\/ul>\n<p><strong>Proxy card<\/strong><\/p>\n<ul class=\"link\">\n<li><a href=\"https:\/\/www.ebrofoods.es\/wp-content\/uploads\/2023\/04\/14.4-Proxy-card-2023.docx\" target=\"_blank\" rel=\"noopener noreferrer\">DOCX version<\/a><\/li>\n<li><a href=\"https:\/\/www.ebrofoods.es\/wp-content\/uploads\/2023\/04\/14.4-Proxy-card-2023.doc\" target=\"_blank\" rel=\"noopener noreferrer\">DOC version<\/a><\/li>\n<li><a href=\"https:\/\/www.ebrofoods.es\/wp-content\/uploads\/2023\/04\/14.4-Proxy-card-2023.pdf\" target=\"_blank\" rel=\"noopener noreferrer\">PDF version<\/a><\/li>\n<\/ul>\n<p><strong>Remote voting card<\/strong><\/p>\n<ul class=\"link\">\n<li><a href=\"https:\/\/www.ebrofoods.es\/wp-content\/uploads\/2023\/04\/14.3-Remote-Voting-card-2023.docx\" target=\"_blank\" rel=\"noopener noreferrer\">DOCX version<\/a><\/li>\n<li><a href=\"https:\/\/www.ebrofoods.es\/wp-content\/uploads\/2023\/04\/14.3-Remote-Voting-card-2023.doc\" target=\"_blank\" rel=\"noopener noreferrer\">DOC version<\/a><\/li>\n<li><a href=\"https:\/\/www.ebrofoods.es\/wp-content\/uploads\/2023\/04\/14.3-Remote-Voting-card-2023.pdf\" target=\"_blank\" rel=\"noopener noreferrer\">PDF version<\/a><\/li>\n<\/ul>\n<h3 class=\"mt-30\">ELECTRONIC VOTE AND PROXY<\/h3>\n<ul class=\"link\">\n<li><a href=\"https:\/\/www.ebrofoods.es\/wp-content\/uploads\/2023\/04\/13.-Rules-onsite-or-online-attendace-proxy-and-remote-voting-2023.pdf\" target=\"_blank\" rel=\"noopener noreferrer\">Rules for onsite and online attendance and proxy and remote voting<\/a>.<\/li>\n<li><span style=\"color: #0000ff;\">Access to the electronic platform vote and proxy<\/span>.<\/li>\n<\/ul>\n<hr \/>\n<p><em><u>Electronic votes and proxies will be available from 08:00 on 5 May 2023 to 17:00 on 5 June 2023<\/u>.<\/em><\/p>\n<p>In order to vote or grant a proxy using electronic facilities, it is essential to prove shareholder status by attaching to the corresponding form a copy, in pdf format, of the attendance card issued by the member of Iberclear at which the shareholder\u2019s shares are deposited, duly signed. Corporate shareholders shall also attach to the form a copy in pdf format of the documentation proving the powers of attorney of the individual voting on behalf of the shareholder.<\/p>\n<p>The validity of electronic votes and proxies will be subject to confirmation by the Company, using any means available to it, of the information provided by the shareholder.<\/p>\n<h3 class=\"mt-30\">ONLINE ATTENDANCE<\/h3>\n<ul class=\"link\">\n<li><a href=\"https:\/\/www.ebrofoods.es\/wp-content\/uploads\/2023\/04\/13.-Rules-onsite-or-online-attendace-proxy-and-remote-voting-2023.pdf\" target=\"_blank\" rel=\"noopener noreferrer\">Rules for onsite and online attendance and proxy and remote voting<\/a>.<\/li>\n<li><span style=\"color: #0000ff;\">Access to the electronic platform for online attendance<\/span><\/li>\n<\/ul>\n<hr \/>\n<p>In order to attend the General Meeting online, follow the instructions indicated below, which can also be found in the notice of call and the Rules for Onsite Attendance, Online Attendance, Proxy and Remote Voting published on this web and the Online Attendance platform.<\/p>\n<p>Registration on this platform does not imply online attendance of the General Meeting.<\/p>\n<p>Online attendance requires connection, on the date of the General Meeting, to the &#8220;Online attendance&#8221; platform.<\/p>\n<p>Shareholders registered but not connected to the platform on the date of the General Meeting will not be considered online attendees.<\/p>\n<p><em><strong>a) a) REGISTER AND ACCREDITATION: between 08:00 on 5 May 2023 and 17:00 on 5 June 2023<\/strong><\/em><\/p>\n<p>Any shareholders or their representatives wishing to attend the Annual General Meeting online must register and provide their accreditation through this link <u>between 08:00 on 5 May 2023 and 17:00 on 5 June 2023<\/u>. No registration or accreditation will be accepted outside those times.<\/p>\n<p>When registering, it is essential to prove shareholder status and, if appropriate, also that of shareholder\u2019s representative by attaching to the corresponding form a copy, in pdf format, of the duly signed attendance card issued by the member of Sociedad de Gesti\u00f3n de los Sistemas de Registro, Compensaci\u00f3n y Liquidaci\u00f3n de Valores (Iberclear) at which the shareholder\u2019s shares are deposited. Corporate shareholders shall also attach to the form a copy in pdf format of the documentation proving the powers of attorney of their representative. The shareholder\u2019s representative shall also attach a copy of the document granting those powers. Any registration that does not meet the accreditation requirements will not be accepted.<\/p>\n<p>The Company reserves the right to ask shareholders and\/or representatives for such additional proof of identity as it may deem fit to confirm their shareholder status or the adequacy of the powers granted.<\/p>\n<p><em><strong>b) b) CONNECTION: from 08:00 to 12:15 on the date of the General Meeting, i.e. 6 June 2023 on first call or 7 June 2023 on second call<\/strong><\/em><\/p>\n<p>After registering and accreditation, the shareholder or representative must connect online by clicking on this link <u>between 08.00 and 12.15.00 on the date of the Annual General Meeting<\/u>. Only the shareholders and representatives who have connected on the date and within the times indicated above will be able to vote and\/or participate at the General Meeting.<\/p>\n<p>If the General Meeting is inquorate on first call on 6 June 2023, the shareholders and representatives who have connected via this link on first call must connect again within the same times on second call on 7 June 2023 in order to attend the General Meeting.<\/p>\n<h3 class=\"mt-30\">ELECTRONIC SHAREHOLDRES FORUM<\/h3>\n<ul class=\"link\">\n<li><a href=\"https:\/\/www.ebrofoods.es\/wp-content\/uploads\/2023\/04\/15.-Regulations-of-Shareholders-Electronic-Forum-2023.pdf\" target=\"_blank\" rel=\"noopener noreferrer\">Regulations of the electronic shareholder forum<\/a><\/li>\n<li><a href=\"https:\/\/www.ebrofoods.es\/wp-content\/uploads\/2023\/04\/16.-Conditions-of-Shareholders-Electronic-Forum-2023.pdf\" target=\"_blank\" rel=\"noopener noreferrer\">Conditions for access, use and operation of the shareholder electronic forum<\/a><\/li>\n<li><span style=\"color: #0000ff;\">Access to the Electronic Shareholders Forum<\/span><\/li>\n<\/ul>\n<hr \/>\n<p><em><u>Important note: The forum is not a valid platform for voting, proxy and online attendance<\/u>.<\/em><\/p>\n<p>To register in the forum, users must prove their identity and shareholder status as stipulated in the Regulations of the Forum and Condition for Access, Registration, Use and Operation.<\/p>\n<h3 class=\"mt-30\"><\/h3>\n<h3><em><strong>VALID REQUESTS FOR INFORMATION, CLARIFICATIONS OR QUESTIONS SUBMITTED BY THE SHAREHOLDERS IN WRITING ON THE ITEMS ON THE AGENDA<\/strong><\/em><\/h3>\n<p>&nbsp;<\/p>\n<\/div>\n<\/div><\/div><div id=\"panel-gb30869-69e1a515aee45-0-0-2\" class=\"so-panel widget widget_sow-editor\" data-index=\"2\" ><div\n\t\t\t\n\t\t\tclass=\"so-widget-sow-editor so-widget-sow-editor-base\"\n\t\t\t\n\t\t>\n<div class=\"siteorigin-widget-tinymce textwidget\">\n\t<h3 class=\"mt-30\">INFORMATION ON THE DEVELOPMENT OF GENERAL SHAREHOLDERS MEETING<\/h3>\n<ul class=\"link\">\n<li><a href=\"https:\/\/www.ebrofoods.es\/wp-content\/uploads\/2023\/06\/Final-Quorum.pdf\" target=\"_blank\" rel=\"noopener noreferrer\">QUORUM<\/a><\/li>\n<li><a href=\"https:\/\/www.ebrofoods.es\/wp-content\/uploads\/2023\/06\/Resolutions-adopted-AGM-6-June-2023.pdf\" target=\"_blank\" rel=\"noopener noreferrer\">Resolutions approved<\/a><\/li>\n<li><a href=\"https:\/\/www.ebrofoods.es\/wp-content\/uploads\/2023\/06\/Voting-results-copia.pdf\" target=\"_blank\" rel=\"noopener noreferrer\">Voting results<\/a><\/li>\n<\/ul>\n<\/div>\n<\/div><\/div><div id=\"panel-gb30869-69e1a515aee45-0-0-3\" class=\"so-panel widget widget_sow-editor panel-last-child\" data-index=\"3\" ><div class=\"hidden panel-widget-style panel-widget-style-for-gb30869-69e1a515aee45-0-0-3\" ><div\n\t\t\t\n\t\t\tclass=\"so-widget-sow-editor so-widget-sow-editor-base\"\n\t\t\t\n\t\t>\n<div class=\"siteorigin-widget-tinymce textwidget\">\n\t<p><a class=\"btn btn-primary\" href=\"\/en\/information-for-shareholders-and-investors\/corporate-governance\/general-shareholders-meeting\/\">Previous General Shareholders\u2019 Meetings<\/a><\/p>\n<\/div>\n<\/div><\/div><\/div><\/div><\/div><\/div>","protected":false},"excerpt":{"rendered":"<p>TOTAL NUMBER OF SHARES AND VOTING RIGHTS On the date of the notice of call of the Annual General Meeting, the capital of Ebro Foods, S.A. is divided into 153,865,392 shares, all in the same series and class. Each share gives the right to one vote, for a total of 153,865,392 voting rights. HOLDING ON&#8230;<a class=\"moretag botonLeerMas\" href=\"https:\/\/www.ebrofoods.es\/en\/information-for-shareholders-and-investors\/corporate-governance\/annual-general-shareholders-meeting-june-2023\/\"> Read more<\/a><\/p>\n","protected":false},"author":1,"featured_media":0,"parent":4289,"menu_order":6,"comment_status":"closed","ping_status":"closed","template":"page-level3.php","meta":{"footnotes":"","_links_to":"","_links_to_target":""},"class_list":["post-30869","page","type-page","status-publish","hentry"],"_links":{"self":[{"href":"https:\/\/www.ebrofoods.es\/en\/wp-json\/wp\/v2\/pages\/30869","targetHints":{"allow":["GET"]}}],"collection":[{"href":"https:\/\/www.ebrofoods.es\/en\/wp-json\/wp\/v2\/pages"}],"about":[{"href":"https:\/\/www.ebrofoods.es\/en\/wp-json\/wp\/v2\/types\/page"}],"author":[{"embeddable":true,"href":"https:\/\/www.ebrofoods.es\/en\/wp-json\/wp\/v2\/users\/1"}],"replies":[{"embeddable":true,"href":"https:\/\/www.ebrofoods.es\/en\/wp-json\/wp\/v2\/comments?post=30869"}],"version-history":[{"count":8,"href":"https:\/\/www.ebrofoods.es\/en\/wp-json\/wp\/v2\/pages\/30869\/revisions"}],"predecessor-version":[{"id":31401,"href":"https:\/\/www.ebrofoods.es\/en\/wp-json\/wp\/v2\/pages\/30869\/revisions\/31401"}],"up":[{"embeddable":true,"href":"https:\/\/www.ebrofoods.es\/en\/wp-json\/wp\/v2\/pages\/4289"}],"wp:attachment":[{"href":"https:\/\/www.ebrofoods.es\/en\/wp-json\/wp\/v2\/media?parent=30869"}],"curies":[{"name":"wp","href":"https:\/\/api.w.org\/{rel}","templated":true}]}}