{"id":25660,"date":"2021-05-24T19:09:14","date_gmt":"2021-05-24T17:09:14","guid":{"rendered":"https:\/\/www.ebrofoods.es\/?page_id=25660"},"modified":"2022-06-30T07:18:33","modified_gmt":"2022-06-30T05:18:33","slug":"annual-general-shareholders-meetings-june-2022","status":"publish","type":"page","link":"https:\/\/www.ebrofoods.es\/en\/information-for-shareholders-and-investors\/corporate-governance\/annual-general-shareholders-meetings-june-2022\/","title":{"rendered":"Annual General Shareholders Meeting June 2022"},"content":{"rendered":"<div id=\"pl-25660\"  class=\"panel-layout\" ><div id=\"pg-25660-0\"  class=\"panel-grid panel-no-style\" ><div id=\"pgc-25660-0-0\"  class=\"panel-grid-cell\" ><div id=\"panel-25660-0-0-0\" class=\"so-panel widget widget_sow-editor panel-first-child\" data-index=\"0\" ><div\n\t\t\t\n\t\t\tclass=\"so-widget-sow-editor so-widget-sow-editor-base\"\n\t\t\t\n\t\t>\n<div class=\"siteorigin-widget-tinymce textwidget\">\n\t<h2 class=\"hidden\" style=\"text-align: left; margin-bottom: 40px;\"><a style=\"text-decoration: underline;\" href=\"https:\/\/streamstudio.world-television.com\/1095-1751-29188\/es%20%5bstreamstudio.world-television.com%5d\" target=\"_blank\" rel=\"noopener noreferrer\">Live broadcast General Shareholders Meeting<\/a><\/h2>\n<div class=\"cuadro-aviso mt-30\">TOTAL NUMBER OF SHARES AND VOTING RIGHTS<br \/>\nOn the date of the notice of call of the Annual General Meeting, the capital of Ebro Foods, S.A. is divided into 153,865,392 shares, all in the same series and class.<\/p>\n<p>Each share gives the right to one vote, for a total of 153,865,392 voting rights.<\/p><\/div>\n<div class=\"cuadro-aviso mt-30\">HOLDING ON FIRST CALL<br \/>\nThe General Meeting will foreseeably be held on <span style=\"text-decoration: underline;\">FIRST CALL, at 12.30 on 29 June 2022.<\/span><\/div>\n<div class=\"cuadro-aviso mt-30\">MEETING VENUE<br \/>\nCalle Rafael Calvo, 39 - AUDITORIO RAFAEL DEL PINO (Madrid)<\/div>\n<div class=\"cuadro-aviso mt-30\">POSSIBILITY OF ONLINE ATTENDANCE<br \/>\nThe Online Attendance of the Annual General Meeting is enabled. <\/p>\n<p>The Company recommends all shareholders who wish to attend the General Meeting to do so online, through the \u201cOnline Attendance\u201d platform, on the terms set out in the notice of call and this web.<\/p><\/div>\n<div class=\"cuadro-aviso mt-30\">VOTING AND PROXY BY MEANS OF REMOTE COMMUNICATION<br \/>\nWithout prejudice to the onsite or online attendance of the Annual General Meeting, the Company recommends all shareholders who plan to exercise their voting and proxy rights by remote communication prior to the General Meeting to do so through the electronic platforms enabled or by post or equivalent courier service.<\/div>\n<div class=\"cuadro-aviso mt-30\">REQUEST AN APPOINTMENT<br \/>\nShareholders are kindly requested to make an appointment before visiting the Company's offices, through the Shareholders\u2019 Office on telephone number +34 917245267, from 09:00 to 14:00 horas from Monday to Friday (excluding holidays), or at <a href=\"mailto:oficinadelaccionista@ebrofoods.es\" style=\"color: #ffffff;\">oficinadelaccionista@ebrofoods.es<\/a>. <\/p>\n<p>The Company might not be able to attend any shareholders turning up without an appointment.<\/p><\/div>\n<div class=\"cuadro-aviso mt-30\">NO PHYSICAL DELIVERY OF GIFTS FOR PARTICIPATION<br \/>\nThere will be no in-person delivery of gifts at the Meeting venue or at the Company's offices. <\/p>\n<p>Gifts will be sent free of charge to all shareholders who participate in the General Meeting when so request. <\/p>\n<p>The gifts requested will probably receive in September 2022.<\/p><\/div>\n<div class=\"cuadro-aviso mt-30\">LIVE STREAMING ON WEBSITE<br \/>\nThe General Meeting will be streamed live on the company\u2019s website.<\/div>\n<div class=\"cuadro-aviso mt-30\">GENERAL INFORMATION<br \/>\nNot to recommend onsite attendance of the General Meeting and to recommend participation in the General Meeting by proxy, remote voting or online attendance.<\/p>\n<p>The Company will take adequate hygiene and prevention measures, to the extent they may be permitted by the legal provisions or recommendations in place, according to the health situation existing at the date of the General Meeting, and any that may be imposed at the venue of the AGM, with a view to protecting people\u2019s general interests and health and will, if necessary, update accordingly the information contained in the notice of call.<\/p>\n<p>If the legal provisions or recommendations for holding events that are in place at the date of the AGM require social distancing measures that limit the capacity of the venue at which the AGM is to be held, entry will be allowed in strict order of arrival of the shareholders or their representatives in order to respect the equal treatment of shareholders.<\/p>\n<p>Shareholders will be informed in due course of any other measures that may be necessary, according to the circumstances, rules and recommendations in place from time to time.<\/p><\/div>\n<\/div>\n<\/div><\/div><div id=\"panel-25660-0-0-1\" class=\"so-panel widget widget_sow-editor\" data-index=\"1\" ><div\n\t\t\t\n\t\t\tclass=\"so-widget-sow-editor so-widget-sow-editor-base\"\n\t\t\t\n\t\t>\n<div class=\"siteorigin-widget-tinymce textwidget\">\n\t<h3 class=\"mt-30\">DOCUMENTS OF THE GENERAL MEETING<\/h3>\n<ul class=\"link\">\n<li><a href=\"https:\/\/www.ebrofoods.es\/wp-content\/uploads\/2022\/05\/0.-Notice-call-and-agenda-2022.pdf\">Notice of call and agenda<\/a><\/li>\n<li><a href=\"https:\/\/www.ebrofoods.es\/wp-content\/uploads\/2022\/05\/0.-Proposed-resolutions-2022.pdf\">Proposed resolutions approved by the Board of Directors<\/a><\/li>\n<li><a href=\"https:\/\/www.ebrofoods.es\/wp-content\/uploads\/2022\/05\/1.1.3-Separate-Annual-accounts-and-management-report-2021.pdf\">Separate Annual Accounts and Management Report 2021 of Ebro Foods, S.A., to be submitted for approval 1.1 on the agenda.<\/a><\/li>\n<li><a href=\"https:\/\/www.ebrofoods.es\/wp-content\/uploads\/2022\/05\/1.1.2-Audit-report-separate-annual-accounts-2021.pdf\">Auditors\u2019 Report on Separate Accounts 2021 of Ebro Foods, S.A.<\/a><\/li>\n<li><a href=\"https:\/\/www.ebrofoods.es\/wp-content\/uploads\/2022\/05\/1.1.5-Consolidated-Annual-accounts-and-management-report-2021.pdf\">Consolidated Annual Accounts and Management Report 2021 of Ebro Foods, S.A., to be submitted for approval 1.1 on the agenda.<\/a><\/li>\n<li><a href=\"https:\/\/www.ebrofoods.es\/wp-content\/uploads\/2022\/05\/1.1.4-Audit-report-consolidated-annual-accounts-2021.pdf\">Auditor\u2019s Report on Consolidated Accounts 2021 of Ebro Foods, S.A.<\/a><\/li>\n<li><a href=\"https:\/\/www.ebrofoods.es\/wp-content\/uploads\/2022\/05\/1.2-Non-Financial-Statement-and-independent-report-2021.pdf\">Statement of Non-Financial Information 2021 and corresponding audit report, to be submitted for approval under item 1.2 on the agenda.<\/a><\/li>\n<li><a href=\"https:\/\/www.ebrofoods.es\/wp-content\/uploads\/2022\/05\/Annual-Corporate-Governance-Report-and-SCIIF-report-2021.pdf\">Annual Corporate Governance Report 2021, with the ICRF report issued by the external auditors.<\/a><\/li>\n<li><a href=\"https:\/\/www.ebrofoods.es\/wp-content\/uploads\/2022\/05\/1.1.1-Disclaimer-by-Directors-2021.pdf\">Disclaimer by the Directors of Ebro Foods, S.A. regarding the contents of the Annual Financial Report 2021.<\/a><\/li>\n<li><a href=\"https:\/\/www.ebrofoods.es\/wp-content\/uploads\/2022\/05\/17.-Report-independence-of-auditors-year-2021.pdf\">Report by the Audit and Compliance Committee on the independence of the external auditors in respect of the audit report 2021.<\/a><\/li>\n<li><a href=\"https:\/\/www.ebrofoods.es\/wp-content\/uploads\/2022\/05\/5.-Report-by-Board-and-annex-amendment-of-the-Regulations-General-Meeting-2022.pdf\">Report by the Board of Directors supporting the proposed alteration of the Regulations of the General Meeting, to be approved under item 5 on the agenda. This Report includes the full text of the proposed alteration.<\/a><\/li>\n<li><a href=\"https:\/\/www.ebrofoods.es\/wp-content\/uploads\/2022\/05\/5.1-Consolidated-text-Regulations-of-the-General-Meeting-2021-EN.pdf\">Consolidated text of the Regulations of the General Meeting.<\/a><\/li>\n<li><a href=\"https:\/\/www.ebrofoods.es\/wp-content\/uploads\/2022\/05\/6.1-Report-and-proposal-for-ratification-Marc-Thomas-Murtra-Millar-2022.pdf\">Report by the Board of Directors (appending the proposal and the previous report by the Nomination and Remuneration Committee), pursuant to section 529 decies of the Corporate Enterprises Act, for ratification of the appointment by cooptation of the Director Marc Thomas Murtra Millar contemplated in item 6.1 on the agenda.<\/a><\/li>\n<li><a href=\"https:\/\/www.ebrofoods.es\/wp-content\/uploads\/2022\/05\/6.1.1-Information-518.e-LSC-Marc-Thomas-Murtra-Millar-2022f.pdf\">Information on the identity, curriculum and category of Marc Thomas Murtra Millar, in pursuance of the Corporate Enterprises Act section 518(e).<\/a><\/li>\n<li><a href=\"https:\/\/www.ebrofoods.es\/wp-content\/uploads\/2022\/05\/6.2-Report-for-ratification-Jordi-Xucla\u0300-Costa-2022.pdf\">Report by the Board of Directors (appending the report by the Nomination and Remuneration Committee), pursuant to section 529 decies of the Corporate Enterprises Act, for ratification of the appointment by cooptation of the Director Jordi Xucl\u00e0 Costa contemplated in item 6.2 on the agenda.<\/a><\/li>\n<li><a href=\"https:\/\/www.ebrofoods.es\/wp-content\/uploads\/2022\/05\/6.2.1-Information-518.e-LSC-Jordi-Xucla\u0300-Costa-2022.pdf\">Information on the identity, curriculum and category of Jordi Xucl\u00e0 Costa, in pursuance of the Corporate Enterprises Act section 518(e).<\/a><\/li>\n<li><a href=\"https:\/\/www.ebrofoods.es\/wp-content\/uploads\/2022\/05\/6.3-Report-for-reelection-Antonio-Herna\u0301ndez-Callejas-2022.pdf\">Report by the Board of Directors (appending the report by the Nomination and Remuneration Committee), pursuant to section 529 decies of the Corporate Enterprises Act, for re-election of the Director Antonio Hern\u00e1ndez Callejas contemplated in item 6.3 on the agenda.<\/a><\/li>\n<li><a href=\"https:\/\/www.ebrofoods.es\/wp-content\/uploads\/2022\/05\/6.3.1-Information-518.e-LSC-Antonio-Herna\u0301ndez-Callejas-2022.pdf\">Information on the identity, curriculum and category of Antonio Hern\u00e1ndez Callejas, in pursuance of the Corporate Enterprises Act section 518(e).<\/a><\/li>\n<li><a href=\"https:\/\/www.ebrofoods.es\/wp-content\/uploads\/2022\/05\/6.4-Report-and-proposal-for-reelection-Fernando-Castello\u0301-Clemente-2022.pdf\">Report by the Board of Directors (appending the proposal and the previous report by the Nomination and Remuneration Committee), pursuant to section 529 decies of the Corporate Enterprises Act, for re-election of the Director Fernando Castell\u00f3 Clemente contemplated in item 6.4 on the agenda.<\/a><\/li>\n<li><a href=\"https:\/\/www.ebrofoods.es\/wp-content\/uploads\/2022\/05\/6.4.1-Information-518.e-LSC-sobre-Fernando-Castello\u0301-Clemente-2022.pdf\">Information on the identity, curriculum and category of Fernando Castell\u00f3 Clemente, in pursuance of the Corporate Enterprises Act section 518(e).<\/a><\/li>\n<li><a href=\"https:\/\/www.ebrofoods.es\/wp-content\/uploads\/2022\/05\/7.-Proposal-by-Board-and-annexes-on-ammendment-Directors-Remuneration-Policy-2022-2024-1.pdf\">Proposal by the Board of Directors and Specific Report by the Nomination and Remuneration Committee, pursuant to the Corporate Enterprises Act section 529 novodecies, on the amendment to the Directors\u2019 Remuneration Policy 2022-2024 contemplated in item 7 on the agenda.<\/a><\/li>\n<li><a href=\"https:\/\/www.ebrofoods.es\/wp-content\/uploads\/2022\/05\/7.1-Consolidated-text-of-Policy-2022-2024.pdf\">Consolidated text of the Directors\u2019 Remuneration Policy 2022-2024.<\/a><\/li>\n<li><a href=\"https:\/\/www.ebrofoods.es\/wp-content\/uploads\/2022\/05\/8.-Annual-Report-Remunerations-of-Directors-2021.pdf\">Annual Report on Directors\u2019 Remuneration 2021, to be put to an advisory vote under item 8 on the agenda.<\/a><\/li>\n<li><a href=\"https:\/\/www.ebrofoods.es\/wp-content\/uploads\/2022\/05\/11.-Report-by-Board-and-annex-modification-Regulations-of-the-Board-2022.pdf\">Report by the Board of Directors on the alteration of the Regulations of the Board, on which the General Meeting of Shareholders is informed under item 11 on the agenda, including the full text of the Regulations with the marked alterations.<\/a><\/li>\n<li><a href=\"https:\/\/www.ebrofoods.es\/wp-content\/uploads\/2022\/05\/18.-Annual-activity-report-Audit-and-Control-Committee-year-2021.pdf\">Activity report of the Audit and Compliance Committee for the year ended 31 December 2021.<\/a><\/li>\n<li><a href=\"https:\/\/www.ebrofoods.es\/wp-content\/uploads\/2022\/05\/19.-Annual-activity-report-Nomination-and-Remuneration-Committee-year-2021.pdf\">Activity report of the Nomination and Remuneration Committee for the year ended 31 December 2021.<\/a><\/li>\n<li><a href=\"https:\/\/www.ebrofoods.es\/wp-content\/uploads\/2022\/05\/16.-Information-on-personal-data-processing-2022.pdf\">Information on personal data processing<\/a><\/li>\n<\/ul>\n<h3><strong>ONSITE AND ONLINE ATTENDANCE, PROXY AND REMOTE VOTING CARDS BY EBRO FOODS<\/strong><\/h3>\n<p><em>The onsite attendance, online attendance, proxy and remote voting cards have been issued by the Company and will only be valid if, apart from being correctly completed, it is accompanied by the attendance card issued by the institution at which the shareholder has deposited their shares, duly signed (or any other document proving their shareholder status) and, where appropriate, the other documents indicated in the notice of call and the rules for onsite and online attendance, proxy and remote voting and which can be consulted on the Company\u2019s website.<\/em><\/p>\n<p><strong>Onsite Attendance card<\/strong><\/p>\n<ul class=\"link\">\n<li><a href=\"https:\/\/www.ebrofoods.es\/wp-content\/uploads\/2022\/05\/13.1-Onsite-attendance-card-2022.docx\">Version .docx<\/a><\/li>\n<li><a href=\"https:\/\/www.ebrofoods.es\/wp-content\/uploads\/2022\/05\/13.1-Onsite-attendance-card-2022.doc\">Version .doc<\/a><\/li>\n<li><a href=\"https:\/\/www.ebrofoods.es\/wp-content\/uploads\/2022\/05\/13.1-Onsite-attendance-card-2022.pdf\">Version .pdf<\/a><\/li>\n<\/ul>\n<p><strong>Online Attendance card<\/strong><\/p>\n<ul class=\"link\">\n<li><a href=\"https:\/\/www.ebrofoods.es\/wp-content\/uploads\/2022\/05\/13.2-Online-attendance-card-2022.docx\">Version .docx<\/a><\/li>\n<li><a href=\"https:\/\/www.ebrofoods.es\/wp-content\/uploads\/2022\/05\/13.2-Online-attendance-card-2022.doc\">Version .doc<\/a><\/li>\n<li><a href=\"https:\/\/www.ebrofoods.es\/wp-content\/uploads\/2022\/05\/13.2-Online-attendance-card-2022.pdf\">Version .pdf<\/a><\/li>\n<\/ul>\n<p><strong>Proxy card<\/strong><\/p>\n<ul class=\"link\">\n<li><a href=\"https:\/\/www.ebrofoods.es\/wp-content\/uploads\/2022\/05\/13.4-Proxy-card-2022.docx\">Version .docx<\/a><\/li>\n<li><a href=\"https:\/\/www.ebrofoods.es\/wp-content\/uploads\/2022\/05\/13.4-Proxy-card-2022.doc\">Version .doc<\/a><\/li>\n<li><a href=\"https:\/\/www.ebrofoods.es\/wp-content\/uploads\/2022\/05\/13.4-Proxy-card-2022.pdf\">Version .pdf<\/a><\/li>\n<\/ul>\n<p><strong>Remote voting card<\/strong><\/p>\n<ul class=\"link\">\n<li><a href=\"https:\/\/www.ebrofoods.es\/wp-content\/uploads\/2022\/05\/13.3-Remote-Voting-card-2022.docx\">Version .docx<\/a><\/li>\n<li><a href=\"https:\/\/www.ebrofoods.es\/wp-content\/uploads\/2022\/05\/13.3-Remote-Voting-card-2022.doc\">Version .doc<\/a><\/li>\n<li><a href=\"https:\/\/www.ebrofoods.es\/wp-content\/uploads\/2022\/05\/13.3-Remote-Voting-card-2022.pdf\">Version .pdf<\/a><\/li>\n<\/ul>\n<h3 class=\"mt-30\">ELECTRONIC SHAREHOLDRES FORUM<\/h3>\n<div>\n<ul class=\"link\">\n<li><a href=\"https:\/\/www.ebrofoods.es\/wp-content\/uploads\/2022\/05\/13.4-Proxy-card-2022.pdf\" target=\"_blank\" rel=\"noopener noreferrer\">Regulations of the electronic shareholder forum <\/a><\/li>\n<li><a href=\"https:\/\/www.ebrofoods.es\/wp-content\/uploads\/2022\/05\/14.-Conditions-of-Shareholders-Electronic-Forum-2022.pdf\" target=\"_blank\" rel=\"noopener noreferrer\">Conditions for access, use and operation of the shareholder electronic forum<\/a><\/li>\n<\/ul>\n<hr \/>\n<\/div>\n<p><em>To register in the forum, users must prove their identity and shareholder status as stipulated in the Regulations of the Forum and Condition for Access, Registration, Use and Operation.<\/em><\/p>\n<h3 class=\"mt-30\">ELECTRONIC VOTE AND PROXY<\/h3>\n<div>\n<ul class=\"link\">\n<li><a href=\"https:\/\/www.ebrofoods.es\/wp-content\/uploads\/2022\/05\/12.-Rules-onsite-or-online-attendace-proxy-and-remote-voting-2022.pdf\">Rules for onsite and online attendance and proxy and remote voting.<\/a><\/li>\n<\/ul>\n<\/div>\n<hr \/>\n<p><em><u>Electronic votes and proxies will be available from\u00a008:00 on 1 June 2022 to 17:00 on 28 June 2022<\/u>.<\/em><\/p>\n<p><em>In order to vote or grant a proxy using electronic facilities, it is essential to prove shareholder status by attaching to the corresponding form a copy, in pdf format, of the attendance card issued by the member of Iberclear at which the shareholder\u2019s shares are deposited, duly signed. Corporate shareholders shall also attach to the form a copy in pdf format of the documentation proving the powers of attorney of the individual voting on behalf of the shareholder.<\/em><\/p>\n<p><em>The validity of electronic votes and proxies will be subject to confirmation by the Company, using any means available to it, of the information provided by the shareholder.<\/em><\/p>\n<h3 class=\"mt-30\">ONLINE ATTENDANCE<\/h3>\n<ul class=\"link\">\n<li><a href=\"https:\/\/www.ebrofoods.es\/wp-content\/uploads\/2022\/05\/12.-Rules-onsite-or-online-attendace-proxy-and-remote-voting-2022.pdf\">Rules for onsite and online attendance and proxy and remote voting.<\/a><\/li>\n<\/ul>\n<hr \/>\n<p><em>In order to attend the General Meeting online, follow the instructions indicated below, which can also be found in the notice of call and the Rules for Onsite Attendance, Online Attendance, Proxy and Remote Voting published on this web and the Online Attendance platform.<\/em><\/p>\n<p><em><strong>IMPORTANT<\/strong>:<\/em><\/p>\n<p><em>Registration on this platform does not imply online attendance of the General Meeting.<\/em><\/p>\n<p><em>Online attendance requires connection, on the date of the General Meeting, to the \"Online attendance\" platform.<\/em><\/p>\n<p><em>Shareholders registered but not connected to the platform on the date of the General Meeting will not be considered online attendees.<\/em><\/p>\n<p><em><strong>REGISTER AND ACCREDITATION: between 08:00 on 1 June 2022 and 23:59 on 28 June 2022<\/strong><\/em><\/p>\n<p><em>Any shareholders or their representatives wishing to attend the Annual General Meeting online must register and provide their accreditation through this link <u>between 08:00 on 1 June 2022 and 23:59 on 28 June 2022<\/u>. No registration or accreditation will be accepted outside those times.<\/em><\/p>\n<p><em>When registering, it is essential to prove shareholder status and, if appropriate, also that of shareholder\u2019s representative by attaching to the corresponding form a copy, in pdf format, of the duly signed attendance card issued by the member of Sociedad de Gesti\u00f3n de los Sistemas de Registro, Compensaci\u00f3n y Liquidaci\u00f3n de Valores (Iberclear) at which the shareholder\u2019s shares are deposited. Corporate shareholders shall also attach to the form a copy in pdf format of the documentation proving the powers of attorney of their representative. The shareholder\u2019s representative shall also attach a copy of the document granting those powers. Any registration that does not meet the accreditation requirements will not be accepted.<\/em><\/p>\n<p><em>The Company reserves the right to ask shareholders and\/or representatives for such additional proof of identity as it may deem fit to confirm their shareholder status or the adequacy of the powers granted.<\/em><\/p>\n<p><em><strong>CONNECTION: from 08:00 to 12:15 on the date of the General Meeting, i.e. 29 June 2022 on first call or 30 June 2022 on second call<\/strong><\/em><\/p>\n<p><em>After registering and accreditation, the shareholder or representative must connect online by clicking on this link <u>between 08.00 and 12.15.00 on the date of the Annual General Meeting<\/u>. Only the shareholders and representatives who have connected on the date and within the times indicated above will be able to vote and\/or participate at the General Meeting.<\/em><\/p>\n<p><em>If the General Meeting is inquorate on first call on 29 June 2022, the shareholders and representatives who have connected via this link on first call must connect again within the same times on second call on 30 June 2022 in order to attend the General Meeting.<\/em><\/p>\n<h3><strong>VALID REQUESTS FOR INFORMATION, CLARIFICATIONS OR QUESTIONS SUBMITTED BY THE SHAREHOLDERS IN WRITING ON THE ITEMS ON THE AGENDA<\/strong><\/h3>\n<p>&nbsp;<\/p>\n<\/div>\n<\/div><\/div><div id=\"panel-25660-0-0-2\" class=\"so-panel widget widget_sow-editor\" data-index=\"2\" ><div\n\t\t\t\n\t\t\tclass=\"so-widget-sow-editor so-widget-sow-editor-base\"\n\t\t\t\n\t\t>\n<div class=\"siteorigin-widget-tinymce textwidget\">\n\t<h3 class=\"mt-30\">INFORMATION ON THE DEVELOPMENT OF GENERAL SHAREHOLDERS MEETING<\/h3>\n<ul class=\"link\">\n<li><a title=\"QUORUM\" href=\"https:\/\/www.ebrofoods.es\/wp-content\/uploads\/2022\/06\/QuorumEN.pdf\" target=\"_blank\" rel=\"noopener noreferrer\">QUORUM<\/a><\/li>\n<li><a title=\"Resolutions Approved by the Annual General Meeting\" href=\"https:\/\/www.ebrofoods.es\/wp-content\/uploads\/2022\/06\/2022.06.29-Acuerdos-adoptados-JGA-29-junio-2022ENGLISH.pdf\" target=\"_blank\" rel=\"noopener noreferrer\">Resolutions Approved<\/a><\/li>\n<li><a title=\"Voting Results- Annual General Meeting of Shareholders Ebro Foods, S.A.\" href=\"https:\/\/www.ebrofoods.es\/wp-content\/uploads\/2022\/06\/ResumenVotacionesEN.pdf\" target=\"_blank\" rel=\"noopener noreferrer\">Voting Results<\/a><\/li>\n<\/ul>\n<\/div>\n<\/div><\/div><div id=\"panel-25660-0-0-3\" class=\"so-panel widget widget_sow-editor panel-last-child\" data-index=\"3\" ><div class=\"hidden panel-widget-style panel-widget-style-for-25660-0-0-3\" ><div\n\t\t\t\n\t\t\tclass=\"so-widget-sow-editor so-widget-sow-editor-base\"\n\t\t\t\n\t\t>\n<div class=\"siteorigin-widget-tinymce textwidget\">\n\t<p><a class=\"btn btn-primary\" href=\"\/en\/information-for-shareholders-and-investors\/corporate-governance\/general-shareholders-meeting-2017\/general-shareholders-meeting\/\">Previous General Shareholders' Meetings<\/a><\/p>\n<\/div>\n<\/div><\/div><\/div><\/div><\/div><\/div>","protected":false},"excerpt":{"rendered":"<p>Live broadcast General Shareholders Meeting TOTAL NUMBER OF SHARES AND VOTING RIGHTS On the date of the notice of call of the Annual General Meeting, the capital of Ebro Foods, S.A. is divided into 153,865,392 shares, all in the same series and class. Each share gives the right to one vote, for a total of&#8230;<a class=\"moretag botonLeerMas\" href=\"https:\/\/www.ebrofoods.es\/en\/information-for-shareholders-and-investors\/corporate-governance\/annual-general-shareholders-meetings-june-2022\/\"> Read more<\/a><\/p>\n","protected":false},"author":1,"featured_media":0,"parent":4289,"menu_order":95,"comment_status":"closed","ping_status":"closed","template":"page-level3.php","meta":{"footnotes":"","_links_to":"","_links_to_target":""},"class_list":["post-25660","page","type-page","status-publish","hentry"],"_links":{"self":[{"href":"https:\/\/www.ebrofoods.es\/en\/wp-json\/wp\/v2\/pages\/25660","targetHints":{"allow":["GET"]}}],"collection":[{"href":"https:\/\/www.ebrofoods.es\/en\/wp-json\/wp\/v2\/pages"}],"about":[{"href":"https:\/\/www.ebrofoods.es\/en\/wp-json\/wp\/v2\/types\/page"}],"author":[{"embeddable":true,"href":"https:\/\/www.ebrofoods.es\/en\/wp-json\/wp\/v2\/users\/1"}],"replies":[{"embeddable":true,"href":"https:\/\/www.ebrofoods.es\/en\/wp-json\/wp\/v2\/comments?post=25660"}],"version-history":[{"count":4,"href":"https:\/\/www.ebrofoods.es\/en\/wp-json\/wp\/v2\/pages\/25660\/revisions"}],"predecessor-version":[{"id":28818,"href":"https:\/\/www.ebrofoods.es\/en\/wp-json\/wp\/v2\/pages\/25660\/revisions\/28818"}],"up":[{"embeddable":true,"href":"https:\/\/www.ebrofoods.es\/en\/wp-json\/wp\/v2\/pages\/4289"}],"wp:attachment":[{"href":"https:\/\/www.ebrofoods.es\/en\/wp-json\/wp\/v2\/media?parent=25660"}],"curies":[{"name":"wp","href":"https:\/\/api.w.org\/{rel}","templated":true}]}}