{"id":11473,"date":"2018-08-29T13:48:20","date_gmt":"2018-08-29T11:48:20","guid":{"rendered":"https:\/\/www.ebrofoods.es\/communication-room\/informacion-financiera\/"},"modified":"2021-02-26T16:53:41","modified_gmt":"2021-02-26T15:53:41","slug":"financial-information","status":"publish","type":"page","link":"https:\/\/www.ebrofoods.es\/en\/communication-room\/financial-information\/","title":{"rendered":"Financial information"},"content":{"rendered":"<div id=\"pl-11473\"  class=\"panel-layout\" ><div id=\"pg-11473-0\"  class=\"panel-grid panel-no-style\" ><div id=\"pgc-11473-0-0\"  class=\"panel-grid-cell\" >                <ul class=\"list-unstyled row is-flex viewgrid row-eq-height\">\n                    <li class=\"col-xs-12 col-sm-4 col-md-4\">\n                <span class=\"item-block shadow\">\n                    <a href=\"https:\/\/www.ebrofoods.es\/en\/information-for-shareholders-and-investors\/economic-and-financial-information\/presentations-to-analysts\/\" title =\"Presentations to Analysts\">\n                        <span class=\"img-container\">\n                            <img loading=\"lazy\" decoding=\"async\" width=\"740\" height=\"470\" src=\"https:\/\/www.ebrofoods.es\/wp-content\/uploads\/2022\/02\/mini-accionistas-presentaciones-740x470.jpg\" class=\"img-responsive wp-post-image\" alt=\"presentaci\u00f3n tablet\" srcset=\"https:\/\/www.ebrofoods.es\/wp-content\/uploads\/2022\/02\/mini-accionistas-presentaciones.jpg 740w, https:\/\/www.ebrofoods.es\/wp-content\/uploads\/2022\/02\/mini-accionistas-presentaciones-300x191.jpg 300w\" sizes=\"auto, (max-width: 740px) 100vw, 740px\" \/>                        <\/span>\n                        <span class=\"title\">\n                            Presentations to Analysts                        <\/span>\n                                                <span class=\"extract\">Presentations about the evolution of the businesses.<\/span>\n                                            <\/a>\n                <\/span>\n            <\/li>\n                    <li class=\"col-xs-12 col-sm-4 col-md-4\">\n                <span class=\"item-block shadow\">\n                    <a href=\"https:\/\/www.ebrofoods.es\/en\/information-for-shareholders-and-investors\/economic-and-financial-information\/annual-reports\/\" title =\"Annual Financial Reports\">\n                        <span class=\"img-container\">\n                            <img loading=\"lazy\" decoding=\"async\" width=\"315\" height=\"210\" src=\"https:\/\/www.ebrofoods.es\/wp-content\/uploads\/2023\/04\/informe-anual-2022-w315.jpg\" class=\"img-responsive wp-post-image\" alt=\"Annual Financial Reports\" srcset=\"https:\/\/www.ebrofoods.es\/wp-content\/uploads\/2023\/04\/informe-anual-2022-w315.jpg 315w, https:\/\/www.ebrofoods.es\/wp-content\/uploads\/2023\/04\/informe-anual-2022-w315-300x200.jpg 300w, https:\/\/www.ebrofoods.es\/wp-content\/uploads\/2023\/04\/informe-anual-2022-w315-272x182.jpg 272w\" sizes=\"auto, (max-width: 315px) 100vw, 315px\" \/>                        <\/span>\n                        <span class=\"title\">\n                            Annual Financial Reports                        <\/span>\n                                                <span class=\"extract\">Access to the Annual Financial Reports of the last years.<\/span>\n                                            <\/a>\n                <\/span>\n            <\/li>\n                    <li class=\"col-xs-12 col-sm-4 col-md-4\">\n                <span class=\"item-block shadow\">\n                    <a href=\"https:\/\/www.ebrofoods.es\/en\/information-for-shareholders-and-investors\/economic-and-financial-information\/quarterly-results\/\" title =\"Quarterly Results\">\n                        <span class=\"img-container\">\n                            <img loading=\"lazy\" decoding=\"async\" width=\"740\" height=\"470\" src=\"https:\/\/www.ebrofoods.es\/wp-content\/uploads\/2021\/02\/informacion-publica-periodica-featured-740x470.jpg\" class=\"img-responsive wp-post-image\" alt=\"Informaci\u00f3n p\u00fablica peri\u00f3dica\" \/>                        <\/span>\n                        <span class=\"title\">\n                            Quarterly Results                        <\/span>\n                                                <span class=\"extract\">Financial results<\/span>\n                                            <\/a>\n                <\/span>\n            <\/li>\n                <\/ul>\n                        <ul class=\"list-unstyled row is-flex viewgrid row-eq-height\">\n                    <li class=\"col-xs-12 col-sm-4 col-md-4\">\n                <span class=\"item-block shadow\">\n                    <a href=\"https:\/\/www.ebrofoods.es\/en\/information-for-shareholders-and-investors\/general-information-on-the-company\/inside-information-communications\/\" title =\"Inside information communications\">\n                        <span class=\"img-container\">\n                            <img loading=\"lazy\" decoding=\"async\" width=\"740\" height=\"470\" src=\"https:\/\/www.ebrofoods.es\/wp-content\/uploads\/2021\/02\/comunicaciones-info-privilegiada-featured-740x470.jpg\" class=\"img-responsive wp-post-image\" alt=\"Comunicaciones de informaci\u00f3n privilegiada\" \/>                        <\/span>\n                        <span class=\"title\">\n                            Inside information communications                        <\/span>\n                                                <span class=\"extract\">Inside information communications sent to the National Securities Market Commission&hellip;<\/span>\n                                            <\/a>\n                <\/span>\n            <\/li>\n                    <li class=\"col-xs-12 col-sm-4 col-md-4\">\n                <span class=\"item-block shadow\">\n                    <a href=\"https:\/\/www.ebrofoods.es\/en\/information-for-shareholders-and-investors\/general-information-on-the-company\/other-relevant-regulated-and-corporate-information-communications\/\" title =\"Other relevant information communications\">\n                        <span class=\"img-container\">\n                            <img loading=\"lazy\" decoding=\"async\" width=\"740\" height=\"470\" src=\"https:\/\/www.ebrofoods.es\/wp-content\/uploads\/2021\/02\/comunicaciones-otra-info-relevante-featured-740x470.jpg\" class=\"img-responsive wp-post-image\" alt=\"Comunicaciones otra informaci\u00f3n relevante\" \/>                        <\/span>\n                        <span class=\"title\">\n                            Other relevant information communications                        <\/span>\n                                                <span class=\"extract\">Other relevant information communications sent to the National Securities Market&hellip;<\/span>\n                                            <\/a>\n                <\/span>\n            <\/li>\n                    <li class=\"col-xs-12 col-sm-4 col-md-4\">\n                <span class=\"item-block shadow\">\n                    <a href=\"https:\/\/www.ebrofoods.es\/en\/information-for-shareholders-and-investors\/general-information-on-the-company\/price-sensitive-information\/\" title =\"Price sensitive information <b>(until 8\/2\/2020)<\/b>\">\n                        <span class=\"img-container\">\n                                                    <\/span>\n                        <span class=\"title\">\n                            Price sensitive information <b>(until 8\/2\/2020)<\/b>                        <\/span>\n                                                <span class=\"extract\">Relevant information sent to the National Securities Market Commission (CNMV)<\/span>\n                                            <\/a>\n                <\/span>\n            <\/li>\n                <\/ul>\n        <\/div><\/div><\/div>","protected":false},"excerpt":{"rendered":"<p>Presentations to Analysts Presentations about the evolution of the businesses. Annual Financial Reports Access to the Annual Financial Reports of the last years. Quarterly Results Financial results Inside information communications Inside information communications sent to the National Securities Market Commission&hellip; Other relevant information communications Other relevant information communications sent to the National Securities Market&hellip; Price&#8230;<a class=\"moretag botonLeerMas\" href=\"https:\/\/www.ebrofoods.es\/en\/communication-room\/financial-information\/\"> Read more<\/a><\/p>\n","protected":false},"author":1,"featured_media":0,"parent":6140,"menu_order":109,"comment_status":"closed","ping_status":"closed","template":"page-level3.php","meta":{"footnotes":"","_links_to":"","_links_to_target":""},"class_list":["post-11473","page","type-page","status-publish","hentry"],"_links":{"self":[{"href":"https:\/\/www.ebrofoods.es\/en\/wp-json\/wp\/v2\/pages\/11473","targetHints":{"allow":["GET"]}}],"collection":[{"href":"https:\/\/www.ebrofoods.es\/en\/wp-json\/wp\/v2\/pages"}],"about":[{"href":"https:\/\/www.ebrofoods.es\/en\/wp-json\/wp\/v2\/types\/page"}],"author":[{"embeddable":true,"href":"https:\/\/www.ebrofoods.es\/en\/wp-json\/wp\/v2\/users\/1"}],"replies":[{"embeddable":true,"href":"https:\/\/www.ebrofoods.es\/en\/wp-json\/wp\/v2\/comments?post=11473"}],"version-history":[{"count":4,"href":"https:\/\/www.ebrofoods.es\/en\/wp-json\/wp\/v2\/pages\/11473\/revisions"}],"predecessor-version":[{"id":25285,"href":"https:\/\/www.ebrofoods.es\/en\/wp-json\/wp\/v2\/pages\/11473\/revisions\/25285"}],"up":[{"embeddable":true,"href":"https:\/\/www.ebrofoods.es\/en\/wp-json\/wp\/v2\/pages\/6140"}],"wp:attachment":[{"href":"https:\/\/www.ebrofoods.es\/en\/wp-json\/wp\/v2\/media?parent=11473"}],"curies":[{"name":"wp","href":"https:\/\/api.w.org\/{rel}","templated":true}]}}